{"id":1336,"date":"2015-05-13T08:35:01","date_gmt":"2015-05-13T08:35:01","guid":{"rendered":"http:\/\/www.lsenergia.com\/?page_id=1336"},"modified":"2019-09-17T15:07:22","modified_gmt":"2019-09-17T15:07:22","slug":"fale-conosco","status":"publish","type":"page","link":"https:\/\/www.lsenergia.com\/pt-br\/fale-conosco\/","title":{"rendered":"FALE CONOSCO"},"content":{"rendered":"<div class=\"wpb-content-wrapper\"><p>[vc_row row_type=&#8221;row&#8221; type=&#8221;full_width&#8221; text_align=&#8221;left&#8221; css=&#8221;.vc_custom_1431360615343{background-color: #465766 !important;}&#8221;][vc_column width=&#8221;1\/1&#8243;][vc_separator type=&#8221;transparent&#8221; position=&#8221;center&#8221;][vc_column_text]<\/p>\n<h4><span style=\"color: #333;\"><strong>FALE CONOSCO<\/strong><\/span><\/h4>\n<p>[\/vc_column_text][\/vc_column][\/vc_row][vc_row row_type=&#8221;row&#8221; type=&#8221;full_width&#8221; text_align=&#8221;left&#8221;][vc_column width=&#8221;1\/1&#8243;][vc_separator type=&#8221;transparent&#8221; position=&#8221;center&#8221;][vc_separator type=&#8221;transparent&#8221; position=&#8221;center&#8221;][\/vc_column][\/vc_row][vc_row row_type=&#8221;row&#8221; type=&#8221;full_width&#8221; text_align=&#8221;left&#8221;][vc_column width=&#8221;1\/1&#8243;][vc_column_text]Para mais informa\u00e7\u00f5es sobre como podemos ajud\u00e1-lo em seu projeto, ligue para n\u00f3s ou envie-nos um email, e um representante da \u00a0<span style=\"color: #22b53b;\">LS Energia<\/span> entrar\u00e1 em contato imediatamente.<\/p>\n<p><span style=\"color: #6d6e71;\"><strong>USA<\/strong> <span style=\"color: #333;\">(Sede Executiva)<\/span> <\/span><span style=\"color: #333;\"><strong><br \/>\n<\/strong><\/span><br \/>\n<span style=\"color: #333;\">1200 S Pine Island Rd, Suite 420<br \/>\nPlantation, FL USA 33324<br \/>\n<\/span><\/p>\n<p><span style=\"color: #333;\">T. (+1) 954 331 0250 | F. (+1)\u00a0954 236 6609 | Email: <a href=\"mailto:info@lsenergia.com\">info@lsenergia.com<\/a><br \/>\n<\/span>[\/vc_column_text][vc_separator type=&#8221;transparent&#8221; position=&#8221;center&#8221;][\/vc_column][\/vc_row][vc_row row_type=&#8221;row&#8221; type=&#8221;full_width&#8221; text_align=&#8221;left&#8221;][vc_column width=&#8221;1\/1&#8243;][vc_separator type=&#8221;transparent&#8221; position=&#8221;center&#8221;][vc_separator type=&#8221;transparent&#8221; position=&#8221;center&#8221;][\/vc_column][\/vc_row][vc_row row_type=&#8221;row&#8221; type=&#8221;full_width&#8221; text_align=&#8221;left&#8221;][vc_column width=&#8221;1\/3&#8243;][vc_column_text]<span style=\"color: #6d6e71;\"><strong>Angola<\/strong><\/span><\/p>\n<p><span style=\"color: #333;\">Belas Business Park<\/span><\/p>\n<p><span style=\"color: #333;\">Edificio Bengo, 6\u00ba Andar, escrit\u00f3rio 605<\/span><\/p>\n<p><span style=\"color: #333;\">Talatona \u2013 Luanda<\/span><\/p>\n<p><span style=\"color: #333;\">T. (+244) 943 213 703<\/span><\/p>\n<p><span style=\"color: #333;\">\u00a0<\/span><\/p>\n<p>[\/vc_column_text][vc_column_text]<strong><span style=\"color: #333333;\">Oiltech Laboratories<\/span><\/strong><\/p>\n<p><span style=\"color: #333;\">T. (+244) 922 192 713<\/span><\/p>\n<p><span style=\"color: #333;\">T. (+244) 946 666 653<\/span><\/p>\n<p><span style=\"color: #333;\">\u00a0<\/span><\/p>\n<div id=\"correo\"><span style=\"color: #22b53b;\"><a href=\"mailto:oiltechlab@lsenergia.com\"><span style=\"color: #22b53b;\">oiltechlab@lsenergia.com<\/span><\/a><\/span><\/div>\n<div><\/div>\n<div><\/div>\n<p>[\/vc_column_text][vc_separator type=&#8221;transparent&#8221; position=&#8221;center&#8221;][\/vc_column][vc_column width=&#8221;1\/3&#8243;][vc_column_text]<span style=\"color: #6d6e71;\"><strong>Rep\u00fablica Dominicana<\/strong><\/span><\/p>\n<p><span style=\"color: #333;\">Torre Profesional Biltmore I<\/span><\/p>\n<p><span style=\"color: #333;\">Av. Abraham Lincoln No. 1003<\/span><\/p>\n<p><span style=\"color: #333;\">Local 209<\/span><\/p>\n<p><span style=\"color: #333;\">Santo Domingo, Rep. Dominicana<\/span><\/p>\n<p><span style=\"color: #333;\">T. (+1) 809 566 7638<\/span><\/p>\n<p><span style=\"color: #333;\">F. (+1) 809 563 6283<\/span>[\/vc_column_text][vc_separator type=&#8221;transparent&#8221; position=&#8221;center&#8221;][vc_column_text]<span style=\"color: #6d6e71;\"><strong>Brasil<\/strong><\/span><\/p>\n<p><span style=\"color: #333;\">Parque da Cidade Corporate<\/span><\/p>\n<p><span style=\"color: #333;\">SCS B Quadra 9 Torre C, 10\u00ba andar<\/span><\/p>\n<p><span style=\"color: #333;\">Bras\u00edlia &#8211; DF<\/span><\/p>\n<p><span style=\"color: #333;\">70308-200 Brasil<\/span><\/p>\n<p><span style=\"color: #333;\">T. (+55) 61 2196 7710<\/span><\/p>\n<p><span style=\"color: #333;\">T. (+55) 61 8134 3490<\/span><\/p>\n<p>[\/vc_column_text][\/vc_column][vc_column width=&#8221;1\/3&#8243;][vc_column_text]<span style=\"color: #6d6e71;\"><strong>Panama<\/strong><\/span><\/p>\n<p><span style=\"color: #333;\">Ocean\u00eda Business Plaza. <\/span><\/p>\n<p><span style=\"color: #333;\">Torre 1000 Piso 42, Oficina 42-A. <\/span><\/p>\n<p><span style=\"color: #333;\">Punta Pac\u00edfica<\/span><\/p>\n<p><span style=\"color: #333;\">Ciudad de Panama. Panama<\/span><\/p>\n<p><span style=\"color: #333;\">T. (+507) 275 63 50<\/span><\/p>\n<p><span style=\"color: #eef0eb;\">_<\/span>[\/vc_column_text][vc_separator type=&#8221;transparent&#8221; position=&#8221;center&#8221;][vc_column_text]<span style=\"color: #6d6e71;\"><strong>Venezuela<\/strong><\/span><\/p>\n<p><span style=\"color: #333;\">Torre Corp Banca, Piso 11, Oficina 114<\/span><\/p>\n<p><span style=\"color: #333;\">Barquisimeto, Edo. Lara<\/span><\/p>\n<p><span style=\"color: #333;\">T. (+58) 0251 252 1966<\/span><\/p>\n<p><span style=\"color: #333;\">T. (+58) 0251 252 3159<\/span>[\/vc_column_text][\/vc_column][\/vc_row][vc_row row_type=&#8221;row&#8221; type=&#8221;full_width&#8221; text_align=&#8221;left&#8221;][vc_column width=&#8221;1\/1&#8243;][vc_separator type=&#8221;transparent&#8221; position=&#8221;center&#8221;][vc_separator type=&#8221;transparent&#8221; position=&#8221;center&#8221;][vc_separator type=&#8221;transparent&#8221; position=&#8221;center&#8221;][\/vc_column][\/vc_row]<\/p>\n<\/div>","protected":false},"excerpt":{"rendered":"<p>[vc_row row_type=&#8221;row&#8221; type=&#8221;full_width&#8221; text_align=&#8221;left&#8221; css=&#8221;.vc_custom_1431360615343{background-color: #465766 !important;}&#8221;][vc_column width=&#8221;1\/1&#8243;][vc_separator type=&#8221;transparent&#8221; position=&#8221;center&#8221;][vc_column_text] FALE CONOSCO [\/vc_column_text][\/vc_column][\/vc_row][vc_row row_type=&#8221;row&#8221; type=&#8221;full_width&#8221; text_align=&#8221;left&#8221;][vc_column width=&#8221;1\/1&#8243;][vc_separator type=&#8221;transparent&#8221; position=&#8221;center&#8221;][vc_separator type=&#8221;transparent&#8221; position=&#8221;center&#8221;][\/vc_column][\/vc_row][vc_row row_type=&#8221;row&#8221; type=&#8221;full_width&#8221; text_align=&#8221;left&#8221;][vc_column width=&#8221;1\/1&#8243;][vc_column_text]Para mais informa\u00e7\u00f5es sobre como podemos ajud\u00e1-lo em seu projeto, ligue para n\u00f3s ou envie-nos um email, e um representante da&#8230;<\/p>\n","protected":false},"author":1,"featured_media":0,"parent":0,"menu_order":0,"comment_status":"open","ping_status":"open","template":"contact-page.php","meta":{"footnotes":""},"class_list":["post-1336","page","type-page","status-publish","hentry"],"_links":{"self":[{"href":"https:\/\/www.lsenergia.com\/pt-br\/wp-json\/wp\/v2\/pages\/1336","targetHints":{"allow":["GET"]}}],"collection":[{"href":"https:\/\/www.lsenergia.com\/pt-br\/wp-json\/wp\/v2\/pages"}],"about":[{"href":"https:\/\/www.lsenergia.com\/pt-br\/wp-json\/wp\/v2\/types\/page"}],"author":[{"embeddable":true,"href":"https:\/\/www.lsenergia.com\/pt-br\/wp-json\/wp\/v2\/users\/1"}],"replies":[{"embeddable":true,"href":"https:\/\/www.lsenergia.com\/pt-br\/wp-json\/wp\/v2\/comments?post=1336"}],"version-history":[{"count":5,"href":"https:\/\/www.lsenergia.com\/pt-br\/wp-json\/wp\/v2\/pages\/1336\/revisions"}],"predecessor-version":[{"id":2124,"href":"https:\/\/www.lsenergia.com\/pt-br\/wp-json\/wp\/v2\/pages\/1336\/revisions\/2124"}],"wp:attachment":[{"href":"https:\/\/www.lsenergia.com\/pt-br\/wp-json\/wp\/v2\/media?parent=1336"}],"curies":[{"name":"wp","href":"https:\/\/api.w.org\/{rel}","templated":true}]}}