{"id":1328,"date":"2015-05-13T08:16:03","date_gmt":"2015-05-13T08:16:03","guid":{"rendered":"http:\/\/www.lsenergia.com\/?page_id=1328"},"modified":"2015-06-04T16:20:52","modified_gmt":"2015-06-04T16:20:52","slug":"laboratorio-ls-2","status":"publish","type":"page","link":"https:\/\/www.lsenergia.com\/pt-br\/laboratorio-ls-2\/","title":{"rendered":"LABORAT\u00d3RIO LS"},"content":{"rendered":"<div class=\"wpb-content-wrapper\"><p>[vc_row][vc_column width=&#8221;1\/1&#8243;][\/vc_column][\/vc_row][vc_row row_type=&#8221;row&#8221; type=&#8221;grid&#8221; text_align=&#8221;left&#8221;][vc_column width=&#8221;1\/2&#8243;][vc_separator type=&#8221;normal&#8221; position=&#8221;center&#8221; separator_color=&#8221;#ffffff&#8221;][vc_column_text]<\/p>\n<h4><span style=\"color: #333;\"><strong>LABORAT\u00d3RIO LS <\/strong><\/span><\/h4>\n<p>&nbsp;<\/p>\n<p>&nbsp;<\/p>\n<h6><strong>Servi\u00e7os de an\u00e1lise<br \/>\n<\/strong><\/h6>\n<p>&nbsp;<\/p>\n<p>Nosso laborat\u00f3rio em Angola \u00e9 o \u00fanico laborat\u00f3rio de ensaio de alta tecnologia na \u00c1frica Subsaariana.<\/p>\n<p>&nbsp;<\/p>\n<p>Fornecemos an\u00e1lises profissionais de todos os produtos de lubrifica\u00e7\u00e3o e combust\u00edveis para os setores de gera\u00e7\u00e3o de energia, transmiss\u00e3o e distribui\u00e7\u00e3o el\u00e9trica, petr\u00f3leo e g\u00e1s, avia\u00e7\u00e3o, automotiva, locomotiva, naval e de constru\u00e7\u00e3o.<\/p>\n<p>&nbsp;<\/p>\n<p>Todas as an\u00e1lises e certifica\u00e7\u00f5es seguem as principais normas ASTM, UOP, EPA e GPA, entre outras.<\/p>\n<p><strong>\u00a0<\/strong><\/p>\n<h6><strong>An\u00e1lise profissional de combust\u00edveis l\u00edquidos Crus, \u00f3leos lubrificantes, \u00f3leos isolantes e g\u00e1s natural<br \/>\n<\/strong><\/h6>\n<p>&nbsp;<\/p>\n<p>Para proteger o equipamento, maximizar a produtividade e reduzir consideravelmente os tempos de parada desnecess\u00e1rias.<\/p>\n<p>&nbsp;<\/p>\n<p>Nossos especialistas desenvolveram e comprovaram procedimentos espec\u00edficos que superam em muito os modelos e requisitos do mercado energ\u00e9tico atual.<\/p>\n<p>&nbsp;<\/p>\n<p>Laborat\u00f3rio LS Luanda, Angola. <a href=\"mailto:oiltechlab@lsenergia.com\">oiltechlab@lsenergia.com<\/a> Em colabora\u00e7\u00e3o com: Texas OilTech Laboratories, Inc. (Houston, Texas).[\/vc_column_text][\/vc_column][vc_column width=&#8221;1\/2&#8243;][vc_separator type=&#8221;normal&#8221; position=&#8221;center&#8221; separator_color=&#8221;#ffffff&#8221; down=&#8221;18&#8243;][vc_column_text]<span style=\"color: #22b53b;\">An\u00e1lise de lubrifica\u00e7\u00e3o e combust\u00edveis para os seguintes setores:<\/span>[\/vc_column_text][vc_separator type=&#8221;small&#8221; position=&#8221;center&#8221; separator_color=&#8221;#ffffff&#8221; separator_color2=&#8221;#ffffff&#8221; up=&#8221;1&#8243;]<div class='q_progress_bar'><div class='progress_title_holder clearfix'><div class='progress_title'><h6 style='color: #000000;'>Produ\u00e7\u00e3o de Energia<\/h6><\/div><span class='progress_number_wrapper'><span class='progress_number' style='color: #34ad44;'><span>100<\/span>%<\/span><\/span><\/div><div class='progress_content_outer' style=''><div data-percentage='100' class='progress_content' style=''><\/div><\/div><\/div><div class='q_progress_bar'><div class='progress_title_holder clearfix'><div class='progress_title'><h6 style='color: #000000;'>Transmiss\u00e3o e Distribui\u00e7\u00e3o El\u00e9ctrica<\/h6><\/div><span class='progress_number_wrapper'><span class='progress_number' style='color: #34ad44;'><span>100<\/span>%<\/span><\/span><\/div><div class='progress_content_outer' style=''><div data-percentage='100' class='progress_content' style=''><\/div><\/div><\/div><div class='q_progress_bar'><div class='progress_title_holder clearfix'><div class='progress_title'><h6 style='color: #000000;'>Petr\u00f3leo e G\u00e1s<\/h6><\/div><span class='progress_number_wrapper'><span class='progress_number' style='color: #34ad44;'><span>100<\/span>%<\/span><\/span><\/div><div class='progress_content_outer' style=''><div data-percentage='100' class='progress_content' style=''><\/div><\/div><\/div><div class='q_progress_bar'><div class='progress_title_holder clearfix'><div class='progress_title'><h6 style='color: #000000;'>Avia\u00e7\u00e3o<\/h6><\/div><span class='progress_number_wrapper'><span class='progress_number' style='color: #34ad44;'><span>100<\/span>%<\/span><\/span><\/div><div class='progress_content_outer' style=''><div data-percentage='100' class='progress_content' style=''><\/div><\/div><\/div><div class='q_progress_bar'><div class='progress_title_holder clearfix'><div class='progress_title'><h6 style='color: #000000;'>Autom\u00f3tivo<\/h6><\/div><span class='progress_number_wrapper'><span class='progress_number' style='color: #34ad44;'><span>100<\/span>%<\/span><\/span><\/div><div class='progress_content_outer' style=''><div data-percentage='100' class='progress_content' style=''><\/div><\/div><\/div><div class='q_progress_bar'><div class='progress_title_holder clearfix'><div class='progress_title'><h6 style='color: #000000;'>Comboios<\/h6><\/div><span class='progress_number_wrapper'><span class='progress_number' style='color: #34ad44;'><span>100<\/span>%<\/span><\/span><\/div><div class='progress_content_outer' style=''><div data-percentage='100' class='progress_content' style=''><\/div><\/div><\/div><div class='q_progress_bar'><div class='progress_title_holder clearfix'><div class='progress_title'><h6 style='color: #000000;'>Marinha<\/h6><\/div><span class='progress_number_wrapper'><span class='progress_number' style='color: #34ad44;'><span>100<\/span>%<\/span><\/span><\/div><div class='progress_content_outer' style=''><div data-percentage='100' class='progress_content' style=''><\/div><\/div><\/div>[\/vc_column][\/vc_row][vc_row][vc_column width=&#8221;1\/1&#8243;][vc_separator type=&#8221;transparent&#8221; position=&#8221;center&#8221;][vc_separator type=&#8221;transparent&#8221; position=&#8221;center&#8221;][\/vc_column][\/vc_row][vc_row row_type=&#8221;row&#8221; type=&#8221;grid&#8221; text_align=&#8221;left&#8221; background_color=&#8221;#eef0eb&#8221;][vc_column width=&#8221;1\/1&#8243;][vc_separator type=&#8221;transparent&#8221; position=&#8221;center&#8221;][vc_separator type=&#8221;transparent&#8221; position=&#8221;center&#8221; thickness=&#8221;17&#8243;][vc_video link=&#8221;https:\/\/www.youtube.com\/watch?v=bmi3Z2ea2XU&#8221;][vc_separator type=&#8221;transparent&#8221; position=&#8221;center&#8221;][vc_separator type=&#8221;transparent&#8221; position=&#8221;center&#8221;][vc_separator type=&#8221;transparent&#8221; position=&#8221;center&#8221; thickness=&#8221;16&#8243;][\/vc_column][\/vc_row]<\/p>\n<\/div>","protected":false},"excerpt":{"rendered":"<p>[vc_row][vc_column width=&#8221;1\/1&#8243;][\/vc_column][\/vc_row][vc_row row_type=&#8221;row&#8221; type=&#8221;grid&#8221; text_align=&#8221;left&#8221;][vc_column width=&#8221;1\/2&#8243;][vc_separator type=&#8221;normal&#8221; position=&#8221;center&#8221; separator_color=&#8221;#ffffff&#8221;][vc_column_text] LABORAT\u00d3RIO LS &nbsp; &nbsp; Servi\u00e7os de an\u00e1lise &nbsp; Nosso laborat\u00f3rio em Angola \u00e9 o \u00fanico laborat\u00f3rio de ensaio de alta tecnologia na \u00c1frica Subsaariana. &nbsp; Fornecemos an\u00e1lises profissionais de todos os produtos de lubrifica\u00e7\u00e3o e combust\u00edveis&#8230;<\/p>\n","protected":false},"author":1,"featured_media":0,"parent":0,"menu_order":0,"comment_status":"closed","ping_status":"closed","template":"full_width.php","meta":{"footnotes":""},"class_list":["post-1328","page","type-page","status-publish","hentry"],"_links":{"self":[{"href":"https:\/\/www.lsenergia.com\/pt-br\/wp-json\/wp\/v2\/pages\/1328","targetHints":{"allow":["GET"]}}],"collection":[{"href":"https:\/\/www.lsenergia.com\/pt-br\/wp-json\/wp\/v2\/pages"}],"about":[{"href":"https:\/\/www.lsenergia.com\/pt-br\/wp-json\/wp\/v2\/types\/page"}],"author":[{"embeddable":true,"href":"https:\/\/www.lsenergia.com\/pt-br\/wp-json\/wp\/v2\/users\/1"}],"replies":[{"embeddable":true,"href":"https:\/\/www.lsenergia.com\/pt-br\/wp-json\/wp\/v2\/comments?post=1328"}],"version-history":[{"count":3,"href":"https:\/\/www.lsenergia.com\/pt-br\/wp-json\/wp\/v2\/pages\/1328\/revisions"}],"predecessor-version":[{"id":2063,"href":"https:\/\/www.lsenergia.com\/pt-br\/wp-json\/wp\/v2\/pages\/1328\/revisions\/2063"}],"wp:attachment":[{"href":"https:\/\/www.lsenergia.com\/pt-br\/wp-json\/wp\/v2\/media?parent=1328"}],"curies":[{"name":"wp","href":"https:\/\/api.w.org\/{rel}","templated":true}]}}