{"id":1323,"date":"2015-05-13T07:07:58","date_gmt":"2015-05-13T07:07:58","guid":{"rendered":"http:\/\/www.lsenergia.com\/?page_id=1323"},"modified":"2015-06-04T16:21:27","modified_gmt":"2015-06-04T16:21:27","slug":"servicos","status":"publish","type":"page","link":"https:\/\/www.lsenergia.com\/pt-br\/servicos\/","title":{"rendered":"Servi\u00e7os"},"content":{"rendered":"<div class=\"wpb-content-wrapper\"><p>[vc_row row_type=&#8221;row&#8221; type=&#8221;grid&#8221; text_align=&#8221;left&#8221; css=&#8221;.vc_custom_1424772441995{background-color: #f8f8f8 !important;}&#8221; background_color=&#8221;#465766&#8243;][vc_column width=&#8221;1\/1&#8243;][vc_separator type=&#8221;transparent&#8221; position=&#8221;center&#8221;][vc_column_text]<\/p>\n<h4><span style=\"color: #ffffff;\"><strong>NOSSOS SERVI\u00c7OS<\/strong><\/span><\/h4>\n<p>[\/vc_column_text][vc_separator type=&#8221;normal&#8221; position=&#8221;center&#8221;][vc_column_text]<\/p>\n<p style=\"font-size: 15px;\"><span style=\"color: #ffffff;\">Seja uma central de energia el\u00e9trica municipal em Angola, uma f\u00e1brica independente na Venezuela ou uma operadora de minera\u00e7\u00e3o remota no Chile, todos os nossos clientes exigem solu\u00e7\u00f5es r\u00e1pidas e confi\u00e1veis para suas necessidades de energia. <\/span><\/p>\n<p>[\/vc_column_text][vc_separator type=&#8221;transparent&#8221; position=&#8221;center&#8221;][vc_separator type=&#8221;transparent&#8221; position=&#8221;center&#8221;][\/vc_column][\/vc_row][vc_row row_type=&#8221;row&#8221; type=&#8221;grid&#8221; text_align=&#8221;left&#8221; background_color=&#8221;#465766&#8243; css=&#8221;.vc_custom_1424784416460{background-color: #ffffff !important;}&#8221;][vc_column width=&#8221;1\/3&#8243;]<div class='q_team'><div class='q_team_inner'><div class='q_team_image'><img src='https:\/\/www.lsenergia.com\/wp-content\/uploads\/2014\/08\/ls-energia-servicios-011.jpg' alt='team_image' \/><\/div><div class='q_team_text'><div class='q_team_title_holder'><h4 class='q_team_name' ><\/h4><\/div><p ><\/p><div class='q_team_social_holder'><\/div><\/div><\/div><\/div>[vc_column_text]<\/p>\n<h4><em><span style=\"color: #8cc63f;\">Manuten\u00e7\u00e3o preventiva<\/span><\/em><\/h4>\n<p>[\/vc_column_text][vc_separator type=&#8221;transparent&#8221; position=&#8221;center&#8221; up=&#8221;-10&#8243;][vc_column_text]<span style=\"color: #ffffff;\">Mantemos uma supervis\u00e3o no local e remota 24 horas por dia, o que nos permite prever falhas, maximizando o uso da produtividade da planta e evitando, assim, paradas desnecess\u00e1rias.<\/span>[\/vc_column_text][\/vc_column][vc_column width=&#8221;1\/3&#8243;]<div class='q_team'><div class='q_team_inner'><div class='q_team_image'><img src='https:\/\/www.lsenergia.com\/wp-content\/uploads\/2014\/08\/ls-energia-servicios-021.jpg' alt='team_image' \/><\/div><div class='q_team_text'><div class='q_team_title_holder'><h4 class='q_team_name' ><\/h4><\/div><p ><\/p><div class='q_team_social_holder'><\/div><\/div><\/div><\/div>[vc_column_text]<\/p>\n<h4><em><span style=\"color: #8cc63f;\">Manuten\u00e7\u00e3o de rotina<\/span><\/em><\/h4>\n<p>[\/vc_column_text][vc_separator type=&#8221;transparent&#8221; position=&#8221;center&#8221; up=&#8221;-10&#8243;][vc_column_text]<\/p>\n<p style=\"font-size: 15px;\"><span style=\"color: #ffffff;\">Nosso pessoal t\u00e9cnico especializado realiza um plano de manuten\u00e7\u00e3o de rotina seguindo estritamente diretrizes do fabricante, utilizando ferramentas e equipamentos de tecnologia de ponta.<\/span><\/p>\n<p>[\/vc_column_text][\/vc_column][vc_column width=&#8221;1\/3&#8243;]<div class='q_team'><div class='q_team_inner'><div class='q_team_image'><img src='https:\/\/www.lsenergia.com\/wp-content\/uploads\/2014\/08\/ls-energia-servicios-03.jpg' alt='team_image' \/><\/div><div class='q_team_text'><div class='q_team_title_holder'><h4 class='q_team_name' ><\/h4><\/div><p ><\/p><div class='q_team_social_holder'><\/div><\/div><\/div><\/div>[vc_column_text]<\/p>\n<h4><em><span style=\"color: #8cc63f;\">Reparos maiores<\/span><\/em><\/h4>\n<p>[\/vc_column_text][vc_separator type=&#8221;transparent&#8221; position=&#8221;center&#8221; up=&#8221;-10&#8243;][vc_column_text]<\/p>\n<p style=\"font-size: 15px;\"><span style=\"color: #ffffff;\">Oferecemos servi\u00e7os de revis\u00e3o, reparo, substitui\u00e7\u00e3o de pe\u00e7as e pe\u00e7as maiores, como turbinas, compressores, geradores ou caixas de engrenagem.<\/span><\/p>\n<p>[\/vc_column_text][\/vc_column][\/vc_row][vc_row row_type=&#8221;row&#8221; type=&#8221;full_width&#8221; text_align=&#8221;left&#8221; background_color=&#8221;#465766&#8243;][vc_column width=&#8221;1\/1&#8243;][vc_separator type=&#8221;transparent&#8221; position=&#8221;center&#8221;][vc_separator type=&#8221;transparent&#8221; position=&#8221;center&#8221;][vc_separator type=&#8221;transparent&#8221; position=&#8221;center&#8221;][\/vc_column][\/vc_row][vc_row row_type=&#8221;row&#8221; type=&#8221;grid&#8221; text_align=&#8221;left&#8221; background_color=&#8221;#465766&#8243;][vc_column width=&#8221;1\/3&#8243;]<div class='q_team'><div class='q_team_inner'><div class='q_team_image'><img src='https:\/\/www.lsenergia.com\/wp-content\/uploads\/2014\/08\/ls-energia-servicios-04.jpg' alt='team_image' \/><\/div><div class='q_team_text'><div class='q_team_title_holder'><h4 class='q_team_name' ><\/h4><\/div><p ><\/p><div class='q_team_social_holder'><\/div><\/div><\/div><\/div>[vc_column_text]<\/p>\n<h4><em><span style=\"color: #8cc63f;\">Assist\u00eancia 24 horas<br \/>\n<\/span><\/em><\/h4>\n<p>[\/vc_column_text][vc_separator type=&#8221;transparent&#8221; position=&#8221;center&#8221; up=&#8221;-10&#8243;][vc_column_text]<\/p>\n<p style=\"font-size: 15px;\"><span style=\"color: #ffffff;\">A <strong>LS Energia<\/strong> oferece um servi\u00e7o de assist\u00eancia t\u00e9cnica 24 horas por dia para facilitar o gerenciamento r\u00e1pido de incidentes, garantindo, dessa forma, tranquilidade total para todos os nossos clientes.<br \/>\n<\/span><\/p>\n<p>[\/vc_column_text][\/vc_column][vc_column width=&#8221;1\/3&#8243;]<div class='q_team'><div class='q_team_inner'><div class='q_team_image'><img src='https:\/\/www.lsenergia.com\/wp-content\/uploads\/2014\/08\/servicios-051.jpg' alt='team_image' \/><\/div><div class='q_team_text'><div class='q_team_title_holder'><h4 class='q_team_name' ><\/h4><\/div><p ><\/p><div class='q_team_social_holder'><\/div><\/div><\/div><\/div>[vc_column_text]<\/p>\n<h4><em><span style=\"color: #8cc63f;\">Supervis\u00e3o remota<\/span><\/em><\/h4>\n<p>[\/vc_column_text][vc_separator type=&#8221;transparent&#8221; position=&#8221;center&#8221; up=&#8221;-10&#8243;][vc_column_text]<\/p>\n<p style=\"font-size: 15px;\"><span style=\"color: #ffffff;\">Servi\u00e7os extras de supervis\u00e3o remota, via sat\u00e9lite ou Internet, que permitem a transmiss\u00e3o de hist\u00f3ricos e a previs\u00e3o, com alto grau de exatid\u00e3o, das interven\u00e7\u00f5es e dos poss\u00edveis riscos antes da ocorr\u00eancia de qualquer falha.<\/span><\/p>\n<p>&nbsp;<\/p>\n<p>[\/vc_column_text][\/vc_column][vc_column width=&#8221;1\/3&#8243;]<div class='q_team'><div class='q_team_inner'><div class='q_team_image'><img src='https:\/\/www.lsenergia.com\/wp-content\/uploads\/2014\/08\/ls-energia-servicios-06.jpg' alt='team_image' \/><\/div><div class='q_team_text'><div class='q_team_title_holder'><h4 class='q_team_name' ><\/h4><\/div><p ><\/p><div class='q_team_social_holder'><\/div><\/div><\/div><\/div>[vc_column_text]<\/p>\n<h4><em><span style=\"color: #8cc63f;\">Outros servi\u00e7os<\/span><\/em><\/h4>\n<p>[\/vc_column_text][vc_separator type=&#8221;transparent&#8221; position=&#8221;center&#8221; up=&#8221;-10&#8243;][vc_column_text]<\/p>\n<p style=\"font-size: 15px;\"><span style=\"color: #ffffff;\">. Independent Power Producer (IPP\/PPA)<br \/>\n<\/span><\/p>\n<p style=\"font-size: 15px;\"><span style=\"color: #ffffff;\">. Oportunidades financeiras BOOT\/BOT<br \/>\n<\/span><\/p>\n<p style=\"font-size: 15px;\"><span style=\"color: #ffffff;\">. Opera\u00e7\u00e3o e manuten\u00e7\u00e3o (O&amp;M)<br \/>\n<\/span><\/p>\n<p style=\"font-size: 15px;\"><span style=\"color: #ffffff;\">. Terceiriza\u00e7\u00e3o<br \/>\n<\/span><\/p>\n<p>[\/vc_column_text][\/vc_column][\/vc_row][vc_row row_type=&#8221;row&#8221; type=&#8221;grid&#8221; text_align=&#8221;left&#8221; background_color=&#8221;#465766&#8243;][vc_column width=&#8221;1\/1&#8243;][vc_separator type=&#8221;transparent&#8221; position=&#8221;center&#8221;][vc_separator type=&#8221;transparent&#8221; position=&#8221;center&#8221;][vc_separator type=&#8221;transparent&#8221; position=&#8221;center&#8221;][\/vc_column][\/vc_row]<\/p>\n<\/div>","protected":false},"excerpt":{"rendered":"<p>[vc_row row_type=&#8221;row&#8221; type=&#8221;grid&#8221; text_align=&#8221;left&#8221; css=&#8221;.vc_custom_1424772441995{background-color: #f8f8f8 !important;}&#8221; background_color=&#8221;#465766&#8243;][vc_column width=&#8221;1\/1&#8243;][vc_separator type=&#8221;transparent&#8221; position=&#8221;center&#8221;][vc_column_text] NOSSOS SERVI\u00c7OS [\/vc_column_text][vc_separator type=&#8221;normal&#8221; position=&#8221;center&#8221;][vc_column_text] Seja uma central de energia el\u00e9trica municipal em Angola, uma f\u00e1brica independente na Venezuela ou uma operadora de minera\u00e7\u00e3o remota no Chile, todos os nossos clientes exigem solu\u00e7\u00f5es r\u00e1pidas&#8230;<\/p>\n","protected":false},"author":1,"featured_media":0,"parent":0,"menu_order":0,"comment_status":"open","ping_status":"open","template":"full_width.php","meta":{"footnotes":""},"class_list":["post-1323","page","type-page","status-publish","hentry"],"_links":{"self":[{"href":"https:\/\/www.lsenergia.com\/pt-br\/wp-json\/wp\/v2\/pages\/1323","targetHints":{"allow":["GET"]}}],"collection":[{"href":"https:\/\/www.lsenergia.com\/pt-br\/wp-json\/wp\/v2\/pages"}],"about":[{"href":"https:\/\/www.lsenergia.com\/pt-br\/wp-json\/wp\/v2\/types\/page"}],"author":[{"embeddable":true,"href":"https:\/\/www.lsenergia.com\/pt-br\/wp-json\/wp\/v2\/users\/1"}],"replies":[{"embeddable":true,"href":"https:\/\/www.lsenergia.com\/pt-br\/wp-json\/wp\/v2\/comments?post=1323"}],"version-history":[{"count":4,"href":"https:\/\/www.lsenergia.com\/pt-br\/wp-json\/wp\/v2\/pages\/1323\/revisions"}],"predecessor-version":[{"id":1528,"href":"https:\/\/www.lsenergia.com\/pt-br\/wp-json\/wp\/v2\/pages\/1323\/revisions\/1528"}],"wp:attachment":[{"href":"https:\/\/www.lsenergia.com\/pt-br\/wp-json\/wp\/v2\/media?parent=1323"}],"curies":[{"name":"wp","href":"https:\/\/api.w.org\/{rel}","templated":true}]}}