{"id":1312,"date":"2015-05-13T06:13:42","date_gmt":"2015-05-13T06:13:42","guid":{"rendered":"http:\/\/www.lsenergia.com\/?page_id=1312"},"modified":"2017-11-10T13:52:50","modified_gmt":"2017-11-10T13:52:50","slug":"quem-somos","status":"publish","type":"page","link":"https:\/\/www.lsenergia.com\/pt-br\/quem-somos\/","title":{"rendered":"Quem somos"},"content":{"rendered":"<div class=\"wpb-content-wrapper\"><p>[vc_row row_type=&#8221;row&#8221; type=&#8221;grid&#8221; text_align=&#8221;left&#8221;][vc_column width=&#8221;1\/1&#8243;][vc_row_inner][vc_column_inner width=&#8221;1\/1&#8243;][vc_separator type=&#8221;transparent&#8221; position=&#8221;center&#8221;][vc_column_text]<\/p>\n<h4><strong>QUEM SOMOS<\/strong><\/h4>\n<p>[\/vc_column_text][vc_separator type=&#8221;transparent&#8221; position=&#8221;center&#8221;][vc_separator type=&#8221;transparent&#8221; position=&#8221;center&#8221;][\/vc_column_inner][\/vc_row_inner][\/vc_column][\/vc_row][vc_row row_type=&#8221;row&#8221; type=&#8221;grid&#8221; text_align=&#8221;left&#8221;][vc_column width=&#8221;1\/3&#8243;][vc_single_image image=&#8221;1508&#8243; border_color=&#8221;grey&#8221; img_link_target=&#8221;_self&#8221; img_size=&#8221;full&#8221;][vc_separator type=&#8221;transparent&#8221; position=&#8221;center&#8221; up=&#8221;-10&#8243;][vc_column_text]<\/p>\n<p><span style=\"color: #333;\">Uma equipe de profissionais altamente especializados na elabora\u00e7\u00e3o de projetos e na constru\u00e7\u00e3o de infraestrutura para a gera\u00e7\u00e3o de eletricidade.<\/span><\/p>\n<p>[\/vc_column_text][\/vc_column][vc_column width=&#8221;1\/3&#8243;][vc_single_image image=&#8221;1509&#8243; border_color=&#8221;grey&#8221; img_link_target=&#8221;_self&#8221; img_size=&#8221;full&#8221;][vc_separator type=&#8221;transparent&#8221; position=&#8221;center&#8221; up=&#8221;-10&#8243;][vc_column_text]<span style=\"color: #333;\">Nossa lideran\u00e7a no setor de energia reflete-se no crescente n\u00famero de projetos que gerimos e plantas que operamos e mantemos, para uma base de clientes diversa e satisfeita em todo o mundo.<br \/>\n<\/span>[\/vc_column_text][\/vc_column][vc_column width=&#8221;1\/3&#8243;][vc_single_image image=&#8221;1206&#8243; border_color=&#8221;grey&#8221; img_link_target=&#8221;_self&#8221; img_size=&#8221;full&#8221;][vc_separator type=&#8221;transparent&#8221; position=&#8221;center&#8221; up=&#8221;-10&#8243;][vc_column_text]<\/p>\n<p><span style=\"color: #333;\">Come\u00e7ando com a conceitua\u00e7\u00e3o de um sistema el\u00e9trico, passando pela instala\u00e7\u00e3o completa do tipo \u201cChave em M\u00e3o\u201d, at\u00e9 a opera\u00e7\u00e3o e a manuten\u00e7\u00e3o de centrais el\u00e9tricas, conseguimos estabelecer mais de 60 plantas, desde nosso primeiro projeto em 1988.<\/span><\/p>\n<p>[\/vc_column_text][\/vc_column][\/vc_row][vc_row][vc_column width=&#8221;1\/1&#8243;][vc_separator type=&#8221;transparent&#8221; position=&#8221;center&#8221; thickness=&#8221;20&#8243;][\/vc_column][\/vc_row][vc_row row_type=&#8221;row&#8221; type=&#8221;grid&#8221; text_align=&#8221;left&#8221;][vc_column width=&#8221;1\/3&#8243;][vc_single_image image=&#8221;1510&#8243; border_color=&#8221;grey&#8221; img_link_target=&#8221;_self&#8221; img_size=&#8221;full&#8221;][vc_separator type=&#8221;transparent&#8221; position=&#8221;center&#8221; up=&#8221;-10&#8243;][vc_column_text]Com a nossa sede executiva e gerenciamento estrat\u00e9gico localizado em Plantation (Florida EUA), opera\u00e7\u00f5es e log\u00edstica na Cidade do Panam\u00e1 (Panam\u00e1), e escrit\u00f3rios regionais em Lobito (Angola), Anaco (Venezuela), Barquisimeto (Venezuela) e Santo Domingo (Rep\u00fablica Dominicana). ), atendemos muitos clientes em todo o mundo e asseguramos que nossa administra\u00e7\u00e3o e equipe tenham acesso f\u00e1cil aos mercados onde realizamos opera\u00e7\u00f5es.<\/p>\n<p><span style=\"color: #333;\"><span style=\"color: #333;\"><br \/>\n<\/span><\/span>[\/vc_column_text][\/vc_column][vc_column width=&#8221;1\/3&#8243;][vc_single_image image=&#8221;1507&#8243; border_color=&#8221;grey&#8221; img_link_target=&#8221;_self&#8221; img_size=&#8221;full&#8221;][vc_separator type=&#8221;transparent&#8221; position=&#8221;center&#8221; up=&#8221;-10&#8243;][vc_column_text]<span style=\"color: #333;\"><span style=\"color: #333;\"><span style=\"color: #333;\">Na <span style=\"color: #333;\"><span style=\"color: #333;\"><span style=\"color: #333;\"><span style=\"color: #22b53b;\">LS Energia<\/span><\/span><\/span><\/span>, oferecemos solu\u00e7\u00f5es reais, com uma ampla capacidade global para responder rapidamente \u00e0s necessidades de nossos clientes. <\/span><\/span><br \/>\n<\/span>[\/vc_column_text][\/vc_column][vc_column width=&#8221;1\/3&#8243;][vc_single_image image=&#8221;901&#8243; border_color=&#8221;grey&#8221; img_link_target=&#8221;_self&#8221; img_size=&#8221;full&#8221;][vc_separator type=&#8221;transparent&#8221; position=&#8221;center&#8221; up=&#8221;-10&#8243;][vc_column_text]<\/p>\n<p><span style=\"color: #333;\"><span style=\"color: #333;\">\u00a0<\/span><\/span><\/p>\n<p>[\/vc_column_text][\/vc_column][\/vc_row][vc_row][vc_column width=&#8221;1\/1&#8243;][vc_separator type=&#8221;transparent&#8221; position=&#8221;center&#8221;][vc_separator type=&#8221;transparent&#8221; position=&#8221;center&#8221;][\/vc_column][\/vc_row][vc_row row_type=&#8221;expandable_with_background&#8221; type=&#8221;grid&#8221; text_align=&#8221;left&#8221; background_color=&#8221;#22b53b&#8221; color=&#8221;#ffffff&#8221; more_button_label=&#8221;UMA EQUIPE L\u00cdDER EM ENERGIA&#8221; button_position=&#8221;right&#8221; background_overlay_color=&#8221;#6b6b6b&#8221; background_overlay_hover_color=&#8221;#39b54a&#8221; css=&#8221;.vc_custom_1431497066299{padding-bottom: 2px !important;}&#8221;][vc_column width=&#8221;1\/1&#8243;][vc_row_inner row_type=&#8221;row&#8221; type=&#8221;grid&#8221; text_align=&#8221;left&#8221;][vc_column_inner width=&#8221;1\/1&#8243;][vc_column_text]<span style=\"color: #ffffff;\">Com mais de 25 anos de experi\u00eancia na ind\u00fastria energ\u00e9tica, a <strong>LS Energia<\/strong> \u00e9 uma empresa l\u00edder no projeto, constru\u00e7\u00e3o e aquisi\u00e7\u00e3o de equipamentos de gera\u00e7\u00e3o para empresas p\u00fablicas e privadas, fornecedoras de servi\u00e7os p\u00fablicos, bem como para a<br \/>\nvenda de energia el\u00e9trica a redes interconectadas e ind\u00fastrias privadas em geral. Nossa empresa concentra suas atividades em tr\u00eas vertentes:<\/span><\/p>\n<p>&nbsp;<\/p>\n<p>&nbsp;<\/p>\n<p style=\"padding-left: 30px;\"><span style=\"color: #ffffff;\">\u00b7\u00a0 EPC: Engenharia, procura e constru\u00e7\u00e3o de novas plantas de energia.<br \/>\n<\/span><\/p>\n<p style=\"padding-left: 30px;\"><span style=\"color: #ffffff;\">\u00b7\u00a0 O &amp; M: Opera\u00e7\u00e3o e manuten\u00e7\u00e3o de plantas de energia el\u00e9trica de propriedade de terceiros.<br \/>\n<\/span><\/p>\n<p style=\"padding-left: 30px;\"><span style=\"color: #000000;\"><span style=\"color: #ffffff;\">\u00b7\u00a0 IPP: Produtores independentes, operando e mantendo nossas plantas de energia el\u00e9trica.<\/span><br \/>\n<\/span><\/p>\n<p>[\/vc_column_text][\/vc_column_inner][\/vc_row_inner][\/vc_column][\/vc_row][vc_row row_type=&#8221;expandable_with_background&#8221; type=&#8221;grid&#8221; text_align=&#8221;left&#8221; background_color=&#8221;#22b53b&#8221; background_overlay_color=&#8221;#6b6b6b&#8221; more_button_label=&#8221;PRESEN\u00c7A LOCAL EXPERI\u00caNCIA GLOBAL,&#8221; background_overlay_hover_color=&#8221;#39b54a&#8221;][vc_column width=&#8221;1\/1&#8243;][vc_row_inner row_type=&#8221;row&#8221; type=&#8221;grid&#8221; text_align=&#8221;left&#8221;][vc_column_inner width=&#8221;1\/1&#8243;][vc_column_text]<span style=\"color: #ffffff;\">Nossa lideran\u00e7a no setor de energia reflete-se no crescente n\u00famero de projetos que gerimos e plantas que operamos e mantemos, para uma base de clientes diversa e satisfeita em todo o mundo.<\/span><\/p>\n<p><span style=\"color: #ffffff;\">\u00a0<\/span><\/p>\n<p><span style=\"color: #ffffff;\">Come\u00e7ando com a conceitua\u00e7\u00e3o de um sistema el\u00e9trico, passando pela instala\u00e7\u00e3o completa do tipo \u201cChave em M\u00e3o\u201d, at\u00e9 a opera\u00e7\u00e3o e a manuten\u00e7\u00e3o de centrais el\u00e9tricas, conseguimos estabelecer mais de 60 plantas, desde nosso primeiro projeto em 1988.<\/span><\/p>\n<p><span style=\"color: #ffffff;\">\u00a0<\/span><\/p>\n<p><span style=\"color: #ffffff;\">Na <strong>LS Energia<\/strong>, oferecemos solu\u00e7\u00f5es reais, com uma ampla capacidade global para responder rapidamente \u00e0s necessidades de nossos clientes.<\/span><\/p>\n<p><span style=\"color: #ffffff;\"><em><span style=\"font-size: 13px;\">\u00a0<\/span><\/em><\/span>[\/vc_column_text][\/vc_column_inner][\/vc_row_inner][\/vc_column][\/vc_row][vc_row row_type=&#8221;expandable_with_background&#8221; type=&#8221;grid&#8221; text_align=&#8221;left&#8221; background_color=&#8221;#22b53b&#8221; background_overlay_color=&#8221;#6b6b6b&#8221; more_button_label=&#8221;PRESEN\u00c7A LOCAL EXPERI\u00caNCIA GLOBAL,&#8221; background_overlay_hover_color=&#8221;#39b54a&#8221;][vc_column width=&#8221;1\/1&#8243;][vc_row_inner row_type=&#8221;row&#8221; type=&#8221;grid&#8221; text_align=&#8221;left&#8221;][vc_column_inner width=&#8221;1\/1&#8243;][vc_column_text]<span style=\"color: #ffffff;\"><strong>Miss\u00e3o<\/strong><\/span><br \/>\n<span style=\"color: #ffffff;\">Empresa global dedicada \u00e0 promo\u00e7\u00e3o, ao desenvolvimento, \u00e0<br \/>\nexecu\u00e7\u00e3o e \u00e0 opera\u00e7\u00e3o rent\u00e1vel de projetos no setor energ\u00e9tico, com base no conhecimento do seu pessoal e atuando com responsabilidade perante seus clientes, colaboradores e comunidades, criando solu\u00e7\u00f5es integrais e inovadoras com padr\u00f5es de qualidade e seguran\u00e7a globais.<br \/>\n<\/span><\/p>\n<p><span style=\"color: #ffffff;\">\u00a0<\/span><\/p>\n<p><span style=\"color: #ffffff;\"> <strong>Vis\u00e3o<\/strong><\/span><br \/>\n<span style=\"color: #ffffff;\"> Refer\u00eancia l\u00edder no setor energ\u00e9tico. Ser reconhecida por sua excel\u00eancia e sua integridade na execu\u00e7\u00e3o de seus projetos e por sua contribui\u00e7\u00e3o para o bem estar das comunidades onde atua.<\/span><\/p>\n<p><span style=\"color: #ffffff;\">\u00a0<\/span><\/p>\n<p><span style=\"color: #ffffff;\"> <strong>Qualidade<\/strong><\/span><br \/>\n<span style=\"color: #ffffff;\">Todos os equipamentos e servi\u00e7os fornecidos pela LS Energia s\u00e3o da mais alta qualidade e reconhecidos mundialmente. Nossos equipamentos s\u00e3o continuamente submetidos a testes exigentes de funcionamento e rendimento com o objetivo de manter e, se poss\u00edvel, exceder os padr\u00f5es do setor.<\/span><\/p>\n<p><span style=\"color: #ffffff;\">\u00a0<\/span><\/p>\n<p><span style=\"color: #ffffff;\"> <strong>Valores<\/strong><\/span><\/p>\n<p style=\"padding-left: 30px;\"><span style=\"color: #ffffff;\">\u00b7\u00a0 Integridade<\/span><br \/>\n<span style=\"color: #ffffff;\"> \u00b7\u00a0 Iniciativa e lideran\u00e7a<\/span><br \/>\n<span style=\"color: #ffffff;\"> \u00b7\u00a0 Compromisso e responsabilidade<\/span><br \/>\n<span style=\"color: #ffffff;\"> \u00b7\u00a0 Trabalho em equipe<\/span><br \/>\n<span style=\"color: #ffffff;\"> \u00b7\u00a0 Atendimento ao cliente<\/span><br \/>\n<span style=\"color: #ffffff;\"> \u00b7\u00a0 Produtos de alta qualidade<\/span><br \/>\n<span style=\"color: #ffffff;\"> \u00b7\u00a0 Qualidade de gest\u00e3o<\/span><\/p>\n<p>[\/vc_column_text][\/vc_column_inner][\/vc_row_inner][\/vc_column][\/vc_row][vc_row row_type=&#8221;row&#8221; type=&#8221;full_width&#8221; text_align=&#8221;left&#8221; background_color=&#8221;#eef0eb&#8221;][vc_column width=&#8221;1\/1&#8243;][vc_separator type=&#8221;transparent&#8221; position=&#8221;center&#8221;][vc_separator type=&#8221;transparent&#8221; position=&#8221;center&#8221;][vc_separator type=&#8221;transparent&#8221; position=&#8221;center&#8221;][vc_separator type=&#8221;transparent&#8221; position=&#8221;center&#8221; thickness=&#8221;31&#8243;][\/vc_column][\/vc_row][vc_row row_type=&#8221;row&#8221; type=&#8221;grid&#8221; text_align=&#8221;left&#8221; background_color=&#8221;#eef0eb&#8221;][vc_column width=&#8221;1\/1&#8243;][vc_column_text]<\/p>\n<p style=\"text-align: center; font-size: 18px; font-family: Georgia, serif;\"><span style=\"color: #333;\"><em>Nossos equipamentos s\u00e3o continuamente submetidos a testes exigentes de funcionamento e rendimento com o objetivo de manter e, se poss\u00edvel, exceder os padr\u00f5es do setor.<\/em><\/span><\/p>\n<p>[\/vc_column_text][vc_separator type=&#8221;transparent&#8221; position=&#8221;center&#8221;][vc_separator type=&#8221;transparent&#8221; position=&#8221;center&#8221; thickness=&#8221;5&#8243;][\/vc_column][\/vc_row][vc_row row_type=&#8221;row&#8221; type=&#8221;full_width&#8221; text_align=&#8221;left&#8221; background_color=&#8221;#eef0eb&#8221;][vc_column width=&#8221;1\/1&#8243;][vc_separator type=&#8221;transparent&#8221; position=&#8221;center&#8221;][vc_separator type=&#8221;transparent&#8221; position=&#8221;center&#8221;][vc_separator type=&#8221;transparent&#8221; position=&#8221;center&#8221;][\/vc_column][\/vc_row]<\/p>\n<\/div>","protected":false},"excerpt":{"rendered":"<p>[vc_row row_type=&#8221;row&#8221; type=&#8221;grid&#8221; text_align=&#8221;left&#8221;][vc_column width=&#8221;1\/1&#8243;][vc_row_inner][vc_column_inner width=&#8221;1\/1&#8243;][vc_separator type=&#8221;transparent&#8221; position=&#8221;center&#8221;][vc_column_text] QUEM SOMOS [\/vc_column_text][vc_separator type=&#8221;transparent&#8221; position=&#8221;center&#8221;][vc_separator type=&#8221;transparent&#8221; position=&#8221;center&#8221;][\/vc_column_inner][\/vc_row_inner][\/vc_column][\/vc_row][vc_row row_type=&#8221;row&#8221; type=&#8221;grid&#8221; text_align=&#8221;left&#8221;][vc_column width=&#8221;1\/3&#8243;][vc_single_image image=&#8221;1508&#8243; border_color=&#8221;grey&#8221; img_link_target=&#8221;_self&#8221; img_size=&#8221;full&#8221;][vc_separator type=&#8221;transparent&#8221; position=&#8221;center&#8221; up=&#8221;-10&#8243;][vc_column_text] Uma equipe de profissionais altamente especializados na elabora\u00e7\u00e3o de projetos e na constru\u00e7\u00e3o de infraestrutura para a gera\u00e7\u00e3o de&#8230;<\/p>\n","protected":false},"author":1,"featured_media":0,"parent":0,"menu_order":0,"comment_status":"open","ping_status":"open","template":"full_width.php","meta":{"footnotes":""},"class_list":["post-1312","page","type-page","status-publish","hentry"],"_links":{"self":[{"href":"https:\/\/www.lsenergia.com\/pt-br\/wp-json\/wp\/v2\/pages\/1312","targetHints":{"allow":["GET"]}}],"collection":[{"href":"https:\/\/www.lsenergia.com\/pt-br\/wp-json\/wp\/v2\/pages"}],"about":[{"href":"https:\/\/www.lsenergia.com\/pt-br\/wp-json\/wp\/v2\/types\/page"}],"author":[{"embeddable":true,"href":"https:\/\/www.lsenergia.com\/pt-br\/wp-json\/wp\/v2\/users\/1"}],"replies":[{"embeddable":true,"href":"https:\/\/www.lsenergia.com\/pt-br\/wp-json\/wp\/v2\/comments?post=1312"}],"version-history":[{"count":4,"href":"https:\/\/www.lsenergia.com\/pt-br\/wp-json\/wp\/v2\/pages\/1312\/revisions"}],"predecessor-version":[{"id":2073,"href":"https:\/\/www.lsenergia.com\/pt-br\/wp-json\/wp\/v2\/pages\/1312\/revisions\/2073"}],"wp:attachment":[{"href":"https:\/\/www.lsenergia.com\/pt-br\/wp-json\/wp\/v2\/media?parent=1312"}],"curies":[{"name":"wp","href":"https:\/\/api.w.org\/{rel}","templated":true}]}}