{"id":1306,"date":"2015-05-13T05:37:16","date_gmt":"2015-05-13T05:37:16","guid":{"rendered":"http:\/\/www.lsenergia.com\/?page_id=1306"},"modified":"2015-06-04T16:20:44","modified_gmt":"2015-06-04T16:20:44","slug":"home-2","status":"publish","type":"page","link":"https:\/\/www.lsenergia.com\/pt-br\/","title":{"rendered":"Home"},"content":{"rendered":"<div class=\"wpb-content-wrapper\"><p>[vc_row row_type=&#8221;row&#8221; type=&#8221;grid&#8221; text_align=&#8221;left&#8221;][vc_column width=&#8221;1\/1&#8243;][vc_separator type=&#8221;transparent&#8221; position=&#8221;center&#8221;][vc_separator type=&#8221;transparent&#8221; position=&#8221;center&#8221;][vc_column_text]As exig\u00eancias energ\u00e9ticas do mundo atual demandam solu\u00e7\u00f5es imediatas, reais e efi cazes. A LS Energia fornece a seus clientes os meios de gera\u00e7\u00e3o de energia el\u00e9trica necess\u00e1rios \u00e0s pessoas, \u00e0 ind\u00fastria e aos servi\u00e7os que moldam nossa sociedade. Foi esse comprometimento, a dedica\u00e7\u00e3o ao trabalho e seus elevados padr\u00f5es de qualidade que fi zeram da LS Energia uma empresa l\u00edder com uma comprovada trajet\u00f3ria de n\u00edvel mundial, capaz de atender a qualquer necessidade, independente do tamanho, da localiza\u00e7\u00e3o ou da complexidade do projeto.<\/p>\n<p>&nbsp;<\/p>\n<p><strong>Solu\u00e7\u00f5es reais, desde 1988<\/strong>.[\/vc_column_text][vc_separator type=&#8221;transparent&#8221; position=&#8221;center&#8221;][vc_separator type=&#8221;transparent&#8221; position=&#8221;center&#8221;][vc_separator type=&#8221;transparent&#8221; position=&#8221;center&#8221;][\/vc_column][\/vc_row][vc_row row_type=&#8221;row&#8221; type=&#8221;full_width&#8221; text_align=&#8221;left&#8221; background_color=&#8221;#eef0eb&#8221;][vc_column width=&#8221;1\/1&#8243;]<div class='qode_carousels_holder clearfix'><div class='qode_carousels gray'><ul class='slides'><li class='item'><a href='noticias-ls\/' target='_self'><span class='first_image_holder '><img src='http:\/\/www.lsenergia.com\/wp-content\/uploads\/2015\/05\/ban-carrusel-noticias-pt1.jpg' alt='home &#8211; 02 &#8211; pt'><\/span><\/a><\/li><li class='item'><a href='fale-conosco\/' target='_self'><span class='first_image_holder '><img src='http:\/\/www.lsenergia.com\/wp-content\/uploads\/2015\/03\/ls-energia-home-banner-contacto.jpg' alt='home &#8211; 1 &#8211; pt'><\/span><\/a><\/li><li class='item'><a href='servicos\/' target='_self'><span class='first_image_holder '><img src='http:\/\/www.lsenergia.com\/wp-content\/uploads\/2015\/05\/ban-carrusel-servicios-pt1.jpg' alt='home &#8211; 03 &#8211; pt'><\/span><\/a><\/li><li class='item'><a href='laboratorio-ls-2\/' target='_self'><span class='first_image_holder '><img src='http:\/\/www.lsenergia.com\/wp-content\/uploads\/2015\/05\/ban-carrusel-laboratorio-pt.jpg' alt='home &#8211; 04 &#8211; pt'><\/span><\/a><\/li><\/ul><div class='qode_carousel_navigation'><a id='qode_carousel_prev' href='#' target='_self'><\/a><a id='qode_carousel_next' href='#' target='_self'><\/a><\/div><\/div><\/div>[vc_separator type=&#8221;transparent&#8221; position=&#8221;center&#8221;][vc_separator type=&#8221;transparent&#8221; position=&#8221;center&#8221;][vc_separator type=&#8221;transparent&#8221; position=&#8221;center&#8221;][vc_separator type=&#8221;transparent&#8221; position=&#8221;center&#8221;][vc_separator type=&#8221;transparent&#8221; position=&#8221;center&#8221;][\/vc_column][\/vc_row]<\/p>\n<\/div>","protected":false},"excerpt":{"rendered":"<p>[vc_row row_type=&#8221;row&#8221; type=&#8221;grid&#8221; text_align=&#8221;left&#8221;][vc_column width=&#8221;1\/1&#8243;][vc_separator type=&#8221;transparent&#8221; position=&#8221;center&#8221;][vc_separator type=&#8221;transparent&#8221; position=&#8221;center&#8221;][vc_column_text]As exig\u00eancias energ\u00e9ticas do mundo atual demandam solu\u00e7\u00f5es imediatas, reais e efi cazes. A LS Energia fornece a seus clientes os meios de gera\u00e7\u00e3o de energia el\u00e9trica necess\u00e1rios \u00e0s pessoas, \u00e0 ind\u00fastria e aos servi\u00e7os que moldam&#8230;<\/p>\n","protected":false},"author":1,"featured_media":0,"parent":0,"menu_order":0,"comment_status":"open","ping_status":"open","template":"full_width.php","meta":{"footnotes":""},"class_list":["post-1306","page","type-page","status-publish","hentry"],"_links":{"self":[{"href":"https:\/\/www.lsenergia.com\/pt-br\/wp-json\/wp\/v2\/pages\/1306","targetHints":{"allow":["GET"]}}],"collection":[{"href":"https:\/\/www.lsenergia.com\/pt-br\/wp-json\/wp\/v2\/pages"}],"about":[{"href":"https:\/\/www.lsenergia.com\/pt-br\/wp-json\/wp\/v2\/types\/page"}],"author":[{"embeddable":true,"href":"https:\/\/www.lsenergia.com\/pt-br\/wp-json\/wp\/v2\/users\/1"}],"replies":[{"embeddable":true,"href":"https:\/\/www.lsenergia.com\/pt-br\/wp-json\/wp\/v2\/comments?post=1306"}],"version-history":[{"count":4,"href":"https:\/\/www.lsenergia.com\/pt-br\/wp-json\/wp\/v2\/pages\/1306\/revisions"}],"predecessor-version":[{"id":2017,"href":"https:\/\/www.lsenergia.com\/pt-br\/wp-json\/wp\/v2\/pages\/1306\/revisions\/2017"}],"wp:attachment":[{"href":"https:\/\/www.lsenergia.com\/pt-br\/wp-json\/wp\/v2\/media?parent=1306"}],"curies":[{"name":"wp","href":"https:\/\/api.w.org\/{rel}","templated":true}]}}