{"id":1919,"date":"2015-05-18T19:41:50","date_gmt":"2015-05-18T19:41:50","guid":{"rendered":"http:\/\/www.lsenergia.com\/?page_id=1919"},"modified":"2017-11-13T17:24:30","modified_gmt":"2017-11-13T17:24:30","slug":"information-juridique","status":"publish","type":"page","link":"https:\/\/www.lsenergia.com\/fr\/information-juridique\/","title":{"rendered":"INFORMATION JURIDIQUE"},"content":{"rendered":"<div class=\"wpb-content-wrapper\"><p>[vc_row][vc_column width=\u00a0\u00bb1\/1&Prime;][vc_single_image image=\u00a0\u00bb1884&Prime; border_color=\u00a0\u00bbgrey\u00a0\u00bb img_link_target=\u00a0\u00bb_self\u00a0\u00bb img_size=\u00a0\u00bbfull\u00a0\u00bb alignment=\u00a0\u00bbcenter\u00a0\u00bb][\/vc_column][\/vc_row][vc_row row_type=\u00a0\u00bbrow\u00a0\u00bb type=\u00a0\u00bbgrid\u00a0\u00bb text_align=\u00a0\u00bbleft\u00a0\u00bb][vc_column width=\u00a0\u00bb1\/1&Prime;][vc_separator type=\u00a0\u00bbtransparent\u00a0\u00bb position=\u00a0\u00bbcenter\u00a0\u00bb][vc_column_text]<\/p>\n<h4 style=\"text-align: justify;\"><span style=\"color: #333;\"><strong>INFORMATION JURIDIQUE<\/strong><\/span><\/h4>\n<p>&nbsp;<\/p>\n<p>Le site web : www.lsenergia.com est poss\u00e9d\u00e9e par <span style=\"color: #22b53b;\">LS Energia<\/span>, avec si\u00e8ge social en Floride:<br \/>\n1200 S Pine Island Rd Suite 420 Plantation, FL, USA 33324 T. (+1) 954 331 0250 F. (+1) 954 236 6609 Email: <a href=\"mailto:info@lsenergia.com\">info@lsenergia.com<\/a><\/p>\n<p>&nbsp;<\/p>\n<p>Et si\u00e8ge op\u00e9rationnel et logistique au Panama:<br \/>\nOcean\u00eda Business Plaza. Torre 1000. Piso 42, Oficina 42-A. Punta Pac\u00edfica<br \/>\n0832 Ciudad de Panam\u00e1. Panam\u00e1 | T. (+507) 275 63 50[\/vc_column_text][vc_separator type=\u00a0\u00bbtransparent\u00a0\u00bb position=\u00a0\u00bbcenter\u00a0\u00bb][vc_separator type=\u00a0\u00bbtransparent\u00a0\u00bb position=\u00a0\u00bbcenter\u00a0\u00bb][vc_separator type=\u00a0\u00bbtransparent\u00a0\u00bb position=\u00a0\u00bbcenter\u00a0\u00bb][vc_separator type=\u00a0\u00bbtransparent\u00a0\u00bb position=\u00a0\u00bbcenter\u00a0\u00bb][\/vc_column][\/vc_row]<\/p>\n<\/div>","protected":false},"excerpt":{"rendered":"<p>[vc_row][vc_column width=\u00a0\u00bb1\/1&Prime;][vc_single_image image=\u00a0\u00bb1884&Prime; border_color=\u00a0\u00bbgrey\u00a0\u00bb img_link_target=\u00a0\u00bb_self\u00a0\u00bb img_size=\u00a0\u00bbfull\u00a0\u00bb alignment=\u00a0\u00bbcenter\u00a0\u00bb][\/vc_column][\/vc_row][vc_row row_type=\u00a0\u00bbrow\u00a0\u00bb type=\u00a0\u00bbgrid\u00a0\u00bb text_align=\u00a0\u00bbleft\u00a0\u00bb][vc_column width=\u00a0\u00bb1\/1&Prime;][vc_separator type=\u00a0\u00bbtransparent\u00a0\u00bb position=\u00a0\u00bbcenter\u00a0\u00bb][vc_column_text] INFORMATION JURIDIQUE &nbsp; Le site web : www.lsenergia.com est poss\u00e9d\u00e9e par LS Energia, avec si\u00e8ge social en Floride: 1200 S Pine Island Rd Suite 420 Plantation, FL, USA 33324 T. (+1) 954&#8230;<\/p>\n","protected":false},"author":1,"featured_media":0,"parent":0,"menu_order":0,"comment_status":"open","ping_status":"open","template":"full_width.php","meta":{"footnotes":""},"class_list":["post-1919","page","type-page","status-publish","hentry"],"_links":{"self":[{"href":"https:\/\/www.lsenergia.com\/fr\/wp-json\/wp\/v2\/pages\/1919","targetHints":{"allow":["GET"]}}],"collection":[{"href":"https:\/\/www.lsenergia.com\/fr\/wp-json\/wp\/v2\/pages"}],"about":[{"href":"https:\/\/www.lsenergia.com\/fr\/wp-json\/wp\/v2\/types\/page"}],"author":[{"embeddable":true,"href":"https:\/\/www.lsenergia.com\/fr\/wp-json\/wp\/v2\/users\/1"}],"replies":[{"embeddable":true,"href":"https:\/\/www.lsenergia.com\/fr\/wp-json\/wp\/v2\/comments?post=1919"}],"version-history":[{"count":6,"href":"https:\/\/www.lsenergia.com\/fr\/wp-json\/wp\/v2\/pages\/1919\/revisions"}],"predecessor-version":[{"id":2116,"href":"https:\/\/www.lsenergia.com\/fr\/wp-json\/wp\/v2\/pages\/1919\/revisions\/2116"}],"wp:attachment":[{"href":"https:\/\/www.lsenergia.com\/fr\/wp-json\/wp\/v2\/media?parent=1919"}],"curies":[{"name":"wp","href":"https:\/\/api.w.org\/{rel}","templated":true}]}}