{"id":1916,"date":"2015-05-18T19:28:49","date_gmt":"2015-05-18T19:28:49","guid":{"rendered":"http:\/\/www.lsenergia.com\/?page_id=1916"},"modified":"2019-09-17T15:07:48","modified_gmt":"2019-09-17T15:07:48","slug":"contactez-nous","status":"publish","type":"page","link":"https:\/\/www.lsenergia.com\/fr\/contactez-nous\/","title":{"rendered":"CONTACTEZ NOUS"},"content":{"rendered":"<div class=\"wpb-content-wrapper\"><p>[vc_row row_type=\u00a0\u00bbrow\u00a0\u00bb type=\u00a0\u00bbfull_width\u00a0\u00bb text_align=\u00a0\u00bbleft\u00a0\u00bb css=\u00a0\u00bb.vc_custom_1431360615343{background-color: #465766 !important;}\u00a0\u00bb][vc_column width=\u00a0\u00bb1\/1&Prime;][vc_separator type=\u00a0\u00bbtransparent\u00a0\u00bb position=\u00a0\u00bbcenter\u00a0\u00bb][vc_column_text]<\/p>\n<h4><span style=\"color: #333;\"><strong>CONTACTEZ NOUS<\/strong><\/span><\/h4>\n<p>[\/vc_column_text][\/vc_column][\/vc_row][vc_row row_type=\u00a0\u00bbrow\u00a0\u00bb type=\u00a0\u00bbfull_width\u00a0\u00bb text_align=\u00a0\u00bbleft\u00a0\u00bb][vc_column width=\u00a0\u00bb1\/1&Prime;][vc_separator type=\u00a0\u00bbtransparent\u00a0\u00bb position=\u00a0\u00bbcenter\u00a0\u00bb][vc_separator type=\u00a0\u00bbtransparent\u00a0\u00bb position=\u00a0\u00bbcenter\u00a0\u00bb][\/vc_column][\/vc_row][vc_row row_type=\u00a0\u00bbrow\u00a0\u00bb type=\u00a0\u00bbfull_width\u00a0\u00bb text_align=\u00a0\u00bbleft\u00a0\u00bb][vc_column width=\u00a0\u00bb1\/1&Prime;][vc_column_text]Pour savoir comment nous pouvons vous aider \u00e0 r\u00e9aliser votre projet, appelez-nous ou envoyez-nous un courriel. Un repr\u00e9sentant de \u00a0<span style=\"color: #22b53b;\">LS Energia<\/span> prendra rapidement contact avec vous.<\/p>\n<p><span style=\"color: #6d6e71;\"><strong>USA<\/strong>\u00a0 <span style=\"color: #333;\">(Si\u00e8ge Social)<\/span> <\/span><span style=\"color: #333;\"><strong><br \/>\n<\/strong><\/span><br \/>\n<span style=\"color: #333;\">1200 S Pine Island Rd, Suite 420<br \/>\nPlantation, FL USA 33324<br \/>\n<\/span><\/p>\n<p><span style=\"color: #333;\">T. (+1) 954 331 0250 |\u00a0 Email: <a href=\"mailto:info@lsenergia.com\">info@lsenergia.com<\/a><\/span>[\/vc_column_text][vc_separator type=\u00a0\u00bbtransparent\u00a0\u00bb position=\u00a0\u00bbcenter\u00a0\u00bb][\/vc_column][\/vc_row][vc_row row_type=\u00a0\u00bbrow\u00a0\u00bb type=\u00a0\u00bbfull_width\u00a0\u00bb text_align=\u00a0\u00bbleft\u00a0\u00bb][vc_column width=\u00a0\u00bb1\/1&Prime;][vc_separator type=\u00a0\u00bbtransparent\u00a0\u00bb position=\u00a0\u00bbcenter\u00a0\u00bb][vc_separator type=\u00a0\u00bbtransparent\u00a0\u00bb position=\u00a0\u00bbcenter\u00a0\u00bb][\/vc_column][\/vc_row][vc_row row_type=\u00a0\u00bbrow\u00a0\u00bb type=\u00a0\u00bbfull_width\u00a0\u00bb text_align=\u00a0\u00bbleft\u00a0\u00bb][vc_column width=\u00a0\u00bb1\/3&Prime;][vc_column_text]<span style=\"color: #6d6e71;\"><strong>Angola<\/strong><\/span><\/p>\n<p><span style=\"color: #333;\"><br \/>\nBelas Business Park<br \/>\nEdificio Bengo, 6\u00ba Andar, escrit\u00f3rio 605<br \/>\nTalatona \u2013 Luanda<br \/>\nT. (+244) 943 213 703<\/span> <span style=\"color: #333;\">\u00a0<\/span>\u00a0\u00a0[\/vc_column_text][vc_column_text]<span style=\"color: #333333;\">Oiltech Laboratorio<\/span><\/p>\n<p><span style=\"color: #333;\">T. (+244) 922 192 713<\/span><\/p>\n<p><span style=\"color: #333;\">T. (+244) 946 666 653<\/span> <span style=\"color: #333;\">\u00a0<\/span><\/p>\n<div id=\"correo\"><span style=\"color: #22b53b;\"><a href=\"mailto:oiltechlab@lsenergia.com\"><span style=\"color: #22b53b;\">oiltechlab@lsenergia.com<\/span><\/a><\/span><\/div>\n<div><\/div>\n<div><\/div>\n<p>[\/vc_column_text][\/vc_column][vc_column width=\u00a0\u00bb1\/3&Prime;][vc_column_text]<span style=\"color: #6d6e71;\"><strong>R\u00e9publique Dominicaine<\/strong><\/span><\/p>\n<p><span style=\"color: #333;\">Torre Profesional Biltmore I<br \/>\nAv. Abraham Lincoln No. 1003<br \/>\nLocal 209<br \/>\nDominicana, Rep. Dominicana<br \/>\nT. (+1) 809 566 7638<br \/>\nF. (+1) 809 563 6283<\/span>[\/vc_column_text][vc_separator type=\u00a0\u00bbtransparent\u00a0\u00bb position=\u00a0\u00bbcenter\u00a0\u00bb][vc_column_text]<span style=\"color: #6d6e71;\"><strong>Br\u00e9sil<\/strong><\/span><\/p>\n<p><span style=\"color: #333;\">Parque da Cidade Corporate<\/span><br \/>\n<span style=\"color: #333;\">SCS B Quadra 9 Torre C, 10\u00ba andar<\/span><br \/>\n<span style=\"color: #333;\">Bras\u00edlia &#8211; DF<\/span><br \/>\n<span style=\"color: #333;\">70308-200 Brasil<\/span><br \/>\n<span style=\"color: #333;\">T. (+55) 61 2196 7710<\/span><br \/>\n<span style=\"color: #333;\">T. (+55) 61 8134 3490<\/span>[\/vc_column_text][\/vc_column][vc_column width=\u00a0\u00bb1\/3&Prime;][vc_column_text]<span style=\"color: #6d6e71;\"><strong>Panama<\/strong><\/span><\/p>\n<p><span style=\"color: #333;\">Ocean\u00eda Business Plaza. <\/span><\/p>\n<p><span style=\"color: #333;\">Torre 1000 Piso 42, Oficina 42-A. <\/span><\/p>\n<p><span style=\"color: #333;\">Punta Pac\u00edfica<\/span><\/p>\n<p><span style=\"color: #333;\">Ciudad de Panama. Panama<\/span><\/p>\n<p><span style=\"color: #333;\">T. (+507) 275 63 50<\/span><\/p>\n<p><span style=\"color: #eef0eb;\">_<\/span>[\/vc_column_text][vc_separator type=\u00a0\u00bbtransparent\u00a0\u00bb position=\u00a0\u00bbcenter\u00a0\u00bb][vc_column_text]<span style=\"color: #6d6e71;\"><strong>Venezuela<\/strong><\/span><\/p>\n<p><span style=\"color: #333;\">Torre Corp Banca, Piso 11, Oficina 114<\/span><br \/>\n<span style=\"color: #333;\">Barquisimeto, Edo. Lara<\/span><br \/>\n<span style=\"color: #333;\">T. (+58) 0251 252 1966<\/span><br \/>\n<span style=\"color: #333;\">T. (+58) 0251 252 3159<\/span>[\/vc_column_text][\/vc_column][\/vc_row][vc_row row_type=\u00a0\u00bbrow\u00a0\u00bb type=\u00a0\u00bbfull_width\u00a0\u00bb text_align=\u00a0\u00bbleft\u00a0\u00bb][vc_column width=\u00a0\u00bb1\/1&Prime;][vc_separator type=\u00a0\u00bbtransparent\u00a0\u00bb position=\u00a0\u00bbcenter\u00a0\u00bb][vc_separator type=\u00a0\u00bbtransparent\u00a0\u00bb position=\u00a0\u00bbcenter\u00a0\u00bb][vc_separator type=\u00a0\u00bbtransparent\u00a0\u00bb position=\u00a0\u00bbcenter\u00a0\u00bb][\/vc_column][\/vc_row]<\/p>\n<\/div>","protected":false},"excerpt":{"rendered":"<p>[vc_row row_type=\u00a0\u00bbrow\u00a0\u00bb type=\u00a0\u00bbfull_width\u00a0\u00bb text_align=\u00a0\u00bbleft\u00a0\u00bb css=\u00a0\u00bb.vc_custom_1431360615343{background-color: #465766 !important;}\u00a0\u00bb][vc_column width=\u00a0\u00bb1\/1&Prime;][vc_separator type=\u00a0\u00bbtransparent\u00a0\u00bb position=\u00a0\u00bbcenter\u00a0\u00bb][vc_column_text] CONTACTEZ NOUS [\/vc_column_text][\/vc_column][\/vc_row][vc_row row_type=\u00a0\u00bbrow\u00a0\u00bb type=\u00a0\u00bbfull_width\u00a0\u00bb text_align=\u00a0\u00bbleft\u00a0\u00bb][vc_column width=\u00a0\u00bb1\/1&Prime;][vc_separator type=\u00a0\u00bbtransparent\u00a0\u00bb position=\u00a0\u00bbcenter\u00a0\u00bb][vc_separator type=\u00a0\u00bbtransparent\u00a0\u00bb position=\u00a0\u00bbcenter\u00a0\u00bb][\/vc_column][\/vc_row][vc_row row_type=\u00a0\u00bbrow\u00a0\u00bb type=\u00a0\u00bbfull_width\u00a0\u00bb text_align=\u00a0\u00bbleft\u00a0\u00bb][vc_column width=\u00a0\u00bb1\/1&Prime;][vc_column_text]Pour savoir comment nous pouvons vous aider \u00e0 r\u00e9aliser votre projet, appelez-nous ou envoyez-nous un courriel. Un repr\u00e9sentant de \u00a0LS Energia&#8230;<\/p>\n","protected":false},"author":1,"featured_media":0,"parent":0,"menu_order":0,"comment_status":"open","ping_status":"open","template":"contact-page.php","meta":{"footnotes":""},"class_list":["post-1916","page","type-page","status-publish","hentry"],"_links":{"self":[{"href":"https:\/\/www.lsenergia.com\/fr\/wp-json\/wp\/v2\/pages\/1916","targetHints":{"allow":["GET"]}}],"collection":[{"href":"https:\/\/www.lsenergia.com\/fr\/wp-json\/wp\/v2\/pages"}],"about":[{"href":"https:\/\/www.lsenergia.com\/fr\/wp-json\/wp\/v2\/types\/page"}],"author":[{"embeddable":true,"href":"https:\/\/www.lsenergia.com\/fr\/wp-json\/wp\/v2\/users\/1"}],"replies":[{"embeddable":true,"href":"https:\/\/www.lsenergia.com\/fr\/wp-json\/wp\/v2\/comments?post=1916"}],"version-history":[{"count":5,"href":"https:\/\/www.lsenergia.com\/fr\/wp-json\/wp\/v2\/pages\/1916\/revisions"}],"predecessor-version":[{"id":2125,"href":"https:\/\/www.lsenergia.com\/fr\/wp-json\/wp\/v2\/pages\/1916\/revisions\/2125"}],"wp:attachment":[{"href":"https:\/\/www.lsenergia.com\/fr\/wp-json\/wp\/v2\/media?parent=1916"}],"curies":[{"name":"wp","href":"https:\/\/api.w.org\/{rel}","templated":true}]}}