{"id":1914,"date":"2015-05-18T19:24:06","date_gmt":"2015-05-18T19:24:06","guid":{"rendered":"http:\/\/www.lsenergia.com\/?page_id=1914"},"modified":"2015-06-04T16:22:59","modified_gmt":"2015-06-04T16:22:59","slug":"laboratoire-ls","status":"publish","type":"page","link":"https:\/\/www.lsenergia.com\/fr\/laboratoire-ls\/","title":{"rendered":"LABORATOIRE LS"},"content":{"rendered":"<div class=\"wpb-content-wrapper\"><p>[vc_row][vc_column width=\u00a0\u00bb1\/1&Prime;][\/vc_column][\/vc_row][vc_row row_type=\u00a0\u00bbrow\u00a0\u00bb type=\u00a0\u00bbgrid\u00a0\u00bb text_align=\u00a0\u00bbleft\u00a0\u00bb][vc_column width=\u00a0\u00bb1\/2&Prime;][vc_separator type=\u00a0\u00bbnormal\u00a0\u00bb position=\u00a0\u00bbcenter\u00a0\u00bb separator_color=\u00a0\u00bb#ffffff\u00a0\u00bb][vc_column_text]<\/p>\n<h4><span style=\"color: #333;\"><strong>LABORATOIRE LS<\/strong><\/span><\/h4>\n<p>&nbsp;<\/p>\n<p>&nbsp;<\/p>\n<h6><strong>Services d\u2019analyse<br \/>\n<\/strong><\/h6>\n<p>&nbsp;<\/p>\n<p>Notre laboratoire situ\u00e9 en Angola est le seul laboratoire d\u2019essais de haute technologie en Afrique subsaharienne.<\/p>\n<p>&nbsp;<\/p>\n<p>Nous r\u00e9alisons une analyse professionnelle de tous les produits de lubrification et combustibles pour des secteurs vari\u00e9s: production d\u2019\u00e9lectricit\u00e9, transmission et distribution d\u2019\u00e9lectricit\u00e9, p\u00e9trole et gaz, aviation, automobile, transport ferroviaire et maritime ainsi que BTP.<\/p>\n<p>&nbsp;<\/p>\n<p>Toutes les proc\u00e9dures d\u2019analyse et les certificats sont conformes aux principales normes ASTM, UOP, EPA et GPA entre autres.<br \/>\n<strong>\u00a0<\/strong><\/p>\n<h6><strong>Analyse professionnelle des combustibles liquides\u00a0P\u00e9trole brut, huiles lubrifiantes, huiles de transformateur et gaz naturel.<br \/>\n<\/strong><\/h6>\n<p>&nbsp;<\/p>\n<p>Pour la protection de l\u2019\u00e9quipement, l\u2019optimisation de la productivit\u00e9 et une r\u00e9duction consid\u00e9rable des temps d\u2019arr\u00eat non n\u00e9cessaires.<\/p>\n<p>&nbsp;<\/p>\n<p>Nos experts ont d\u00e9velopp\u00e9 et test\u00e9 des proc\u00e9dures sp\u00e9cifiques qui ont amplement d\u00e9pass\u00e9 les mod\u00e8les et les pr\u00e9requis du march\u00e9 \u00e9nerg\u00e9tique actuel.<\/p>\n<p>&nbsp;<\/p>\n<p>Laboratoire LS Luanda, Angola. <a href=\"mailto:oiltechlab@lsenergia.com\">oiltechlab@lsenergia.com<\/a> En collaboration avec: Texas OilTech Laboratories, Inc. (Houston, Texas).[\/vc_column_text][\/vc_column][vc_column width=\u00a0\u00bb1\/2&Prime;][vc_separator type=\u00a0\u00bbnormal\u00a0\u00bb position=\u00a0\u00bbcenter\u00a0\u00bb separator_color=\u00a0\u00bb#ffffff\u00a0\u00bb down=\u00a0\u00bb18&Prime;][vc_column_text]<span style=\"color: #22b53b;\">Analyse des lubrifiants et des carburants pour l&rsquo;industrie:<\/span>[\/vc_column_text][vc_separator type=\u00a0\u00bbsmall\u00a0\u00bb position=\u00a0\u00bbcenter\u00a0\u00bb separator_color=\u00a0\u00bb#ffffff\u00a0\u00bb separator_color2=\u00a0\u00bb#ffffff\u00a0\u00bb up=\u00a0\u00bb1&Prime;]<div class='q_progress_bar'><div class='progress_title_holder clearfix'><div class='progress_title'><h6 style='color: #000000;'>Power Generation<\/h6><\/div><span class='progress_number_wrapper'><span class='progress_number' style='color: #34ad44;'><span>100<\/span>%<\/span><\/span><\/div><div class='progress_content_outer' style=''><div data-percentage='100' class='progress_content' style=''><\/div><\/div><\/div><div class='q_progress_bar'><div class='progress_title_holder clearfix'><div class='progress_title'><h6 style='color: #000000;'>Puissance Transmission et Distribution<\/h6><\/div><span class='progress_number_wrapper'><span class='progress_number' style='color: #34ad44;'><span>100<\/span>%<\/span><\/span><\/div><div class='progress_content_outer' style=''><div data-percentage='100' class='progress_content' style=''><\/div><\/div><\/div><div class='q_progress_bar'><div class='progress_title_holder clearfix'><div class='progress_title'><h6 style='color: #000000;'>P\u00e9trole et gaz<\/h6><\/div><span class='progress_number_wrapper'><span class='progress_number' style='color: #34ad44;'><span>100<\/span>%<\/span><\/span><\/div><div class='progress_content_outer' style=''><div data-percentage='100' class='progress_content' style=''><\/div><\/div><\/div><div class='q_progress_bar'><div class='progress_title_holder clearfix'><div class='progress_title'><h6 style='color: #000000;'>Aviation<\/h6><\/div><span class='progress_number_wrapper'><span class='progress_number' style='color: #34ad44;'><span>100<\/span>%<\/span><\/span><\/div><div class='progress_content_outer' style=''><div data-percentage='100' class='progress_content' style=''><\/div><\/div><\/div><div class='q_progress_bar'><div class='progress_title_holder clearfix'><div class='progress_title'><h6 style='color: #000000;'>Automobile<\/h6><\/div><span class='progress_number_wrapper'><span class='progress_number' style='color: #34ad44;'><span>100<\/span>%<\/span><\/span><\/div><div class='progress_content_outer' style=''><div data-percentage='100' class='progress_content' style=''><\/div><\/div><\/div><div class='q_progress_bar'><div class='progress_title_holder clearfix'><div class='progress_title'><h6 style='color: #000000;'>Locomotive<\/h6><\/div><span class='progress_number_wrapper'><span class='progress_number' style='color: #34ad44;'><span>100<\/span>%<\/span><\/span><\/div><div class='progress_content_outer' style=''><div data-percentage='100' class='progress_content' style=''><\/div><\/div><\/div><div class='q_progress_bar'><div class='progress_title_holder clearfix'><div class='progress_title'><h6 style='color: #000000;'>Marin<\/h6><\/div><span class='progress_number_wrapper'><span class='progress_number' style='color: #34ad44;'><span>100<\/span>%<\/span><\/span><\/div><div class='progress_content_outer' style=''><div data-percentage='100' class='progress_content' style=''><\/div><\/div><\/div>[\/vc_column][\/vc_row][vc_row][vc_column width=\u00a0\u00bb1\/1&Prime;][vc_separator type=\u00a0\u00bbtransparent\u00a0\u00bb position=\u00a0\u00bbcenter\u00a0\u00bb][vc_separator type=\u00a0\u00bbtransparent\u00a0\u00bb position=\u00a0\u00bbcenter\u00a0\u00bb][\/vc_column][\/vc_row][vc_row row_type=\u00a0\u00bbrow\u00a0\u00bb type=\u00a0\u00bbgrid\u00a0\u00bb text_align=\u00a0\u00bbleft\u00a0\u00bb background_color=\u00a0\u00bb#eef0eb\u00a0\u00bb][vc_column width=\u00a0\u00bb1\/1&Prime;][vc_separator type=\u00a0\u00bbtransparent\u00a0\u00bb position=\u00a0\u00bbcenter\u00a0\u00bb][vc_separator type=\u00a0\u00bbtransparent\u00a0\u00bb position=\u00a0\u00bbcenter\u00a0\u00bb thickness=\u00a0\u00bb17&Prime;][vc_video link=\u00a0\u00bbhttps:\/\/www.youtube.com\/watch?v=bmi3Z2ea2XU\u00a0\u00bb][vc_separator type=\u00a0\u00bbtransparent\u00a0\u00bb position=\u00a0\u00bbcenter\u00a0\u00bb][vc_separator type=\u00a0\u00bbtransparent\u00a0\u00bb position=\u00a0\u00bbcenter\u00a0\u00bb][vc_separator type=\u00a0\u00bbtransparent\u00a0\u00bb position=\u00a0\u00bbcenter\u00a0\u00bb thickness=\u00a0\u00bb16&Prime;][\/vc_column][\/vc_row]<\/p>\n<\/div>","protected":false},"excerpt":{"rendered":"<p>[vc_row][vc_column width=\u00a0\u00bb1\/1&Prime;][\/vc_column][\/vc_row][vc_row row_type=\u00a0\u00bbrow\u00a0\u00bb type=\u00a0\u00bbgrid\u00a0\u00bb text_align=\u00a0\u00bbleft\u00a0\u00bb][vc_column width=\u00a0\u00bb1\/2&Prime;][vc_separator type=\u00a0\u00bbnormal\u00a0\u00bb position=\u00a0\u00bbcenter\u00a0\u00bb separator_color=\u00a0\u00bb#ffffff\u00a0\u00bb][vc_column_text] LABORATOIRE LS &nbsp; &nbsp; Services d\u2019analyse &nbsp; Notre laboratoire situ\u00e9 en Angola est le seul laboratoire d\u2019essais de haute technologie en Afrique subsaharienne. &nbsp; Nous r\u00e9alisons une analyse professionnelle de tous les produits de lubrification et&#8230;<\/p>\n","protected":false},"author":1,"featured_media":0,"parent":0,"menu_order":0,"comment_status":"closed","ping_status":"closed","template":"full_width.php","meta":{"footnotes":""},"class_list":["post-1914","page","type-page","status-publish","hentry"],"_links":{"self":[{"href":"https:\/\/www.lsenergia.com\/fr\/wp-json\/wp\/v2\/pages\/1914","targetHints":{"allow":["GET"]}}],"collection":[{"href":"https:\/\/www.lsenergia.com\/fr\/wp-json\/wp\/v2\/pages"}],"about":[{"href":"https:\/\/www.lsenergia.com\/fr\/wp-json\/wp\/v2\/types\/page"}],"author":[{"embeddable":true,"href":"https:\/\/www.lsenergia.com\/fr\/wp-json\/wp\/v2\/users\/1"}],"replies":[{"embeddable":true,"href":"https:\/\/www.lsenergia.com\/fr\/wp-json\/wp\/v2\/comments?post=1914"}],"version-history":[{"count":4,"href":"https:\/\/www.lsenergia.com\/fr\/wp-json\/wp\/v2\/pages\/1914\/revisions"}],"predecessor-version":[{"id":1983,"href":"https:\/\/www.lsenergia.com\/fr\/wp-json\/wp\/v2\/pages\/1914\/revisions\/1983"}],"wp:attachment":[{"href":"https:\/\/www.lsenergia.com\/fr\/wp-json\/wp\/v2\/media?parent=1914"}],"curies":[{"name":"wp","href":"https:\/\/api.w.org\/{rel}","templated":true}]}}