{"id":1911,"date":"2015-05-18T19:14:08","date_gmt":"2015-05-18T19:14:08","guid":{"rendered":"http:\/\/www.lsenergia.com\/?page_id=1911"},"modified":"2015-06-04T16:23:29","modified_gmt":"2015-06-04T16:23:29","slug":"services","status":"publish","type":"page","link":"https:\/\/www.lsenergia.com\/fr\/services\/","title":{"rendered":"Servicies"},"content":{"rendered":"<div class=\"wpb-content-wrapper\"><p>[vc_row row_type=\u00a0\u00bbrow\u00a0\u00bb type=\u00a0\u00bbgrid\u00a0\u00bb text_align=\u00a0\u00bbleft\u00a0\u00bb css=\u00a0\u00bb.vc_custom_1424772441995{background-color: #f8f8f8 !important;}\u00a0\u00bb background_color=\u00a0\u00bb#465766&Prime;][vc_column width=\u00a0\u00bb1\/1&Prime;][vc_separator type=\u00a0\u00bbtransparent\u00a0\u00bb position=\u00a0\u00bbcenter\u00a0\u00bb][vc_column_text]<\/p>\n<h4><span style=\"color: #ffffff;\"><strong>NOS SERVICES<\/strong><\/span><\/h4>\n<p>[\/vc_column_text][vc_separator type=\u00a0\u00bbnormal\u00a0\u00bb position=\u00a0\u00bbcenter\u00a0\u00bb][vc_column_text]<\/p>\n<p style=\"font-size: 15px;\"><span style=\"color: #ffffff;\">Que ce soit pour une centrale \u00e9lectrique municipale en Angola, une centrale ind\u00e9pendante au Venezuela ou une exploitation mini\u00e8re dans un lieu recul\u00e9 du Chili, chacun de nos clients exige des solutions rapides et fiables pour satisfaire ses besoins \u00e9nerg\u00e9tiques.<\/span><\/p>\n<p>[\/vc_column_text][vc_separator type=\u00a0\u00bbtransparent\u00a0\u00bb position=\u00a0\u00bbcenter\u00a0\u00bb][vc_separator type=\u00a0\u00bbtransparent\u00a0\u00bb position=\u00a0\u00bbcenter\u00a0\u00bb][\/vc_column][\/vc_row][vc_row row_type=\u00a0\u00bbrow\u00a0\u00bb type=\u00a0\u00bbgrid\u00a0\u00bb text_align=\u00a0\u00bbleft\u00a0\u00bb background_color=\u00a0\u00bb#465766&Prime; css=\u00a0\u00bb.vc_custom_1424784416460{background-color: #ffffff !important;}\u00a0\u00bb][vc_column width=\u00a0\u00bb1\/3&Prime;]<div class='q_team'><div class='q_team_inner'><div class='q_team_image'><img src='https:\/\/www.lsenergia.com\/wp-content\/uploads\/2014\/08\/ls-energia-servicios-011.jpg' alt='team_image' \/><\/div><div class='q_team_text'><div class='q_team_title_holder'><h4 class='q_team_name' ><\/h4><\/div><p ><\/p><div class='q_team_social_holder'><\/div><\/div><\/div><\/div>[vc_column_text]<\/p>\n<h4><em><span style=\"color: #8cc63f;\">Maintenance pr\u00e9ventive<\/span><\/em><\/h4>\n<p>[\/vc_column_text][vc_separator type=\u00a0\u00bbtransparent\u00a0\u00bb position=\u00a0\u00bbcenter\u00a0\u00bb up=\u00a0\u00bb-10&Prime;][vc_column_text]<span style=\"color: #ffffff;\">Nous assurons une supervision sur le terrain et \u00e0 distance 24 h sur 24 qui nous permet de pr\u00e9venir les pannes, d\u2019optimiser la productivit\u00e9 de la centrale et d\u2019\u00e9viter les interruptions inutiles du service.<br \/>\n<\/span>[\/vc_column_text][\/vc_column][vc_column width=\u00a0\u00bb1\/3&Prime;]<div class='q_team'><div class='q_team_inner'><div class='q_team_image'><img src='https:\/\/www.lsenergia.com\/wp-content\/uploads\/2014\/08\/ls-energia-servicios-021.jpg' alt='team_image' \/><\/div><div class='q_team_text'><div class='q_team_title_holder'><h4 class='q_team_name' ><\/h4><\/div><p ><\/p><div class='q_team_social_holder'><\/div><\/div><\/div><\/div>[vc_column_text]<\/p>\n<h4><em><span style=\"color: #8cc63f;\">Maintenance courante<\/span><\/em><\/h4>\n<p>[\/vc_column_text][vc_separator type=\u00a0\u00bbtransparent\u00a0\u00bb position=\u00a0\u00bbcenter\u00a0\u00bb up=\u00a0\u00bb-10&Prime;][vc_column_text]<\/p>\n<p style=\"font-size: 15px;\"><span style=\"color: #ffffff;\">Notre personnel technique sp\u00e9cialis\u00e9 \u00e9labore un plan de maintenance courante en suivant rigoureusement les consignes du fabricant. Il effectue cette maintenance \u00e0 l\u2019aide d\u2019outils et de machines.<\/span><\/p>\n<p>[\/vc_column_text][\/vc_column][vc_column width=\u00a0\u00bb1\/3&Prime;]<div class='q_team'><div class='q_team_inner'><div class='q_team_image'><img src='https:\/\/www.lsenergia.com\/wp-content\/uploads\/2014\/08\/ls-energia-servicios-03.jpg' alt='team_image' \/><\/div><div class='q_team_text'><div class='q_team_title_holder'><h4 class='q_team_name' ><\/h4><\/div><p ><\/p><div class='q_team_social_holder'><\/div><\/div><\/div><\/div>[vc_column_text]<\/p>\n<h4><em><span style=\"color: #8cc63f;\">R\u00e9parations d\u2019envergure<\/span><\/em><\/h4>\n<p>[\/vc_column_text][vc_separator type=\u00a0\u00bbtransparent\u00a0\u00bb position=\u00a0\u00bbcenter\u00a0\u00bb up=\u00a0\u00bb-10&Prime;][vc_column_text]<\/p>\n<p style=\"font-size: 15px;\"><span style=\"color: #ffffff;\">Nous proposons des services de r\u00e9vision, r\u00e9paration, remplacement et reconstruction de pi\u00e8ces et d\u2019\u00e9l\u00e9ments de grande taille, tels que des turbines, des compresseurs, des g\u00e9n\u00e9rateurs et des bo\u00eetes d\u2019engrenages.<\/span><\/p>\n<p>[\/vc_column_text][\/vc_column][\/vc_row][vc_row row_type=\u00a0\u00bbrow\u00a0\u00bb type=\u00a0\u00bbfull_width\u00a0\u00bb text_align=\u00a0\u00bbleft\u00a0\u00bb background_color=\u00a0\u00bb#465766&Prime;][vc_column width=\u00a0\u00bb1\/1&Prime;][vc_separator type=\u00a0\u00bbtransparent\u00a0\u00bb position=\u00a0\u00bbcenter\u00a0\u00bb][vc_separator type=\u00a0\u00bbtransparent\u00a0\u00bb position=\u00a0\u00bbcenter\u00a0\u00bb][vc_separator type=\u00a0\u00bbtransparent\u00a0\u00bb position=\u00a0\u00bbcenter\u00a0\u00bb][\/vc_column][\/vc_row][vc_row row_type=\u00a0\u00bbrow\u00a0\u00bb type=\u00a0\u00bbgrid\u00a0\u00bb text_align=\u00a0\u00bbleft\u00a0\u00bb background_color=\u00a0\u00bb#465766&Prime;][vc_column width=\u00a0\u00bb1\/3&Prime;]<div class='q_team'><div class='q_team_inner'><div class='q_team_image'><img src='https:\/\/www.lsenergia.com\/wp-content\/uploads\/2014\/08\/ls-energia-servicios-04.jpg' alt='team_image' \/><\/div><div class='q_team_text'><div class='q_team_title_holder'><h4 class='q_team_name' ><\/h4><\/div><p ><\/p><div class='q_team_social_holder'><\/div><\/div><\/div><\/div>[vc_column_text]<\/p>\n<h4><em><span style=\"color: #8cc63f;\">Assistance 24 h 24<\/span><\/em><\/h4>\n<p>[\/vc_column_text][vc_separator type=\u00a0\u00bbtransparent\u00a0\u00bb position=\u00a0\u00bbcenter\u00a0\u00bb up=\u00a0\u00bb-10&Prime;][vc_column_text]<\/p>\n<p style=\"font-size: 15px;\"><span style=\"color: #ffffff;\"><strong>LS Energia <\/strong>assure un service d\u2019assistance 24 h 24 pour faciliter la gestion rapide des incidents, en garantissant ainsi une tranquillit\u00e9 d\u2019esprit totale \u00e0 tous nos clients.<\/span><\/p>\n<p>[\/vc_column_text][\/vc_column][vc_column width=\u00a0\u00bb1\/3&Prime;]<div class='q_team'><div class='q_team_inner'><div class='q_team_image'><img src='https:\/\/www.lsenergia.com\/wp-content\/uploads\/2014\/08\/servicios-051.jpg' alt='team_image' \/><\/div><div class='q_team_text'><div class='q_team_title_holder'><h4 class='q_team_name' ><\/h4><\/div><p ><\/p><div class='q_team_social_holder'><\/div><\/div><\/div><\/div>[vc_column_text]<\/p>\n<h4><em><span style=\"color: #8cc63f;\">Supervision \u00e0 distance<\/span><\/em><\/h4>\n<p>[\/vc_column_text][vc_separator type=\u00a0\u00bbtransparent\u00a0\u00bb position=\u00a0\u00bbcenter\u00a0\u00bb up=\u00a0\u00bb-10&Prime;][vc_column_text]<\/p>\n<p style=\"font-size: 15px;\"><span style=\"color: #ffffff;\">Services compl\u00e9mentaires de supervision \u00e0 distance via satellite\/Internet qui permettent d\u2019\u00e9laborer des historiques et de pr\u00e9dire avec une grande pr\u00e9cision les interventions et les risques potentiels avant l\u2019apparition d\u2019une panne.<\/span><\/p>\n<p>[\/vc_column_text][\/vc_column][vc_column width=\u00a0\u00bb1\/3&Prime;]<div class='q_team'><div class='q_team_inner'><div class='q_team_image'><img src='https:\/\/www.lsenergia.com\/wp-content\/uploads\/2014\/08\/ls-energia-servicios-06.jpg' alt='team_image' \/><\/div><div class='q_team_text'><div class='q_team_title_holder'><h4 class='q_team_name' ><\/h4><\/div><p ><\/p><div class='q_team_social_holder'><\/div><\/div><\/div><\/div>[vc_column_text]<\/p>\n<h4><em><span style=\"color: #8cc63f;\">Autres services<\/span><\/em><\/h4>\n<p>[\/vc_column_text][vc_separator type=\u00a0\u00bbtransparent\u00a0\u00bb position=\u00a0\u00bbcenter\u00a0\u00bb up=\u00a0\u00bb-10&Prime;][vc_column_text]<\/p>\n<p style=\"font-size: 15px;\"><span style=\"color: #ffffff;\">. Independent Power Producer (IPP\/PPA) <\/span><\/p>\n<p style=\"font-size: 15px;\"><span style=\"color: #ffffff;\">. Opportunit\u00e9s financi\u00e8res BOOT\/BOT <\/span><\/p>\n<p style=\"font-size: 15px;\"><span style=\"color: #ffffff;\">. Exploitation et maintenance (O&amp;M) <\/span><\/p>\n<p style=\"font-size: 15px;\"><span style=\"color: #ffffff;\">. Outsourcing <\/span><\/p>\n<p>[\/vc_column_text][\/vc_column][\/vc_row][vc_row row_type=\u00a0\u00bbrow\u00a0\u00bb type=\u00a0\u00bbgrid\u00a0\u00bb text_align=\u00a0\u00bbleft\u00a0\u00bb background_color=\u00a0\u00bb#465766&Prime;][vc_column width=\u00a0\u00bb1\/1&Prime;][vc_separator type=\u00a0\u00bbtransparent\u00a0\u00bb position=\u00a0\u00bbcenter\u00a0\u00bb][vc_separator type=\u00a0\u00bbtransparent\u00a0\u00bb position=\u00a0\u00bbcenter\u00a0\u00bb][vc_separator type=\u00a0\u00bbtransparent\u00a0\u00bb position=\u00a0\u00bbcenter\u00a0\u00bb][\/vc_column][\/vc_row]<\/p>\n<\/div>","protected":false},"excerpt":{"rendered":"<p>[vc_row row_type=\u00a0\u00bbrow\u00a0\u00bb type=\u00a0\u00bbgrid\u00a0\u00bb text_align=\u00a0\u00bbleft\u00a0\u00bb css=\u00a0\u00bb.vc_custom_1424772441995{background-color: #f8f8f8 !important;}\u00a0\u00bb background_color=\u00a0\u00bb#465766&Prime;][vc_column width=\u00a0\u00bb1\/1&Prime;][vc_separator type=\u00a0\u00bbtransparent\u00a0\u00bb position=\u00a0\u00bbcenter\u00a0\u00bb][vc_column_text] NOS SERVICES [\/vc_column_text][vc_separator type=\u00a0\u00bbnormal\u00a0\u00bb position=\u00a0\u00bbcenter\u00a0\u00bb][vc_column_text] Que ce soit pour une centrale \u00e9lectrique municipale en Angola, une centrale ind\u00e9pendante au Venezuela ou une exploitation mini\u00e8re dans un lieu recul\u00e9 du Chili, chacun de nos clients&#8230;<\/p>\n","protected":false},"author":1,"featured_media":0,"parent":0,"menu_order":0,"comment_status":"open","ping_status":"open","template":"full_width.php","meta":{"footnotes":""},"class_list":["post-1911","page","type-page","status-publish","hentry"],"_links":{"self":[{"href":"https:\/\/www.lsenergia.com\/fr\/wp-json\/wp\/v2\/pages\/1911","targetHints":{"allow":["GET"]}}],"collection":[{"href":"https:\/\/www.lsenergia.com\/fr\/wp-json\/wp\/v2\/pages"}],"about":[{"href":"https:\/\/www.lsenergia.com\/fr\/wp-json\/wp\/v2\/types\/page"}],"author":[{"embeddable":true,"href":"https:\/\/www.lsenergia.com\/fr\/wp-json\/wp\/v2\/users\/1"}],"replies":[{"embeddable":true,"href":"https:\/\/www.lsenergia.com\/fr\/wp-json\/wp\/v2\/comments?post=1911"}],"version-history":[{"count":5,"href":"https:\/\/www.lsenergia.com\/fr\/wp-json\/wp\/v2\/pages\/1911\/revisions"}],"predecessor-version":[{"id":2064,"href":"https:\/\/www.lsenergia.com\/fr\/wp-json\/wp\/v2\/pages\/1911\/revisions\/2064"}],"wp:attachment":[{"href":"https:\/\/www.lsenergia.com\/fr\/wp-json\/wp\/v2\/media?parent=1911"}],"curies":[{"name":"wp","href":"https:\/\/api.w.org\/{rel}","templated":true}]}}