{"id":1902,"date":"2015-05-18T18:36:32","date_gmt":"2015-05-18T18:36:32","guid":{"rendered":"http:\/\/www.lsenergia.com\/?page_id=1902"},"modified":"2017-11-10T13:51:30","modified_gmt":"2017-11-10T13:51:30","slug":"qui-nous-sommes","status":"publish","type":"page","link":"https:\/\/www.lsenergia.com\/fr\/qui-nous-sommes\/","title":{"rendered":"QUI NOUS SOMMES"},"content":{"rendered":"<div class=\"wpb-content-wrapper\"><p>[vc_row row_type=\u00a0\u00bbrow\u00a0\u00bb type=\u00a0\u00bbgrid\u00a0\u00bb text_align=\u00a0\u00bbleft\u00a0\u00bb][vc_column width=\u00a0\u00bb1\/1&Prime;][vc_row_inner][vc_column_inner width=\u00a0\u00bb1\/1&Prime;][vc_separator type=\u00a0\u00bbtransparent\u00a0\u00bb position=\u00a0\u00bbcenter\u00a0\u00bb][vc_column_text]<\/p>\n<h4><strong>QUI NOUS SOMMES<\/strong><\/h4>\n<p>[\/vc_column_text][vc_separator type=\u00a0\u00bbtransparent\u00a0\u00bb position=\u00a0\u00bbcenter\u00a0\u00bb][vc_separator type=\u00a0\u00bbtransparent\u00a0\u00bb position=\u00a0\u00bbcenter\u00a0\u00bb][\/vc_column_inner][\/vc_row_inner][\/vc_column][\/vc_row][vc_row row_type=\u00a0\u00bbrow\u00a0\u00bb type=\u00a0\u00bbgrid\u00a0\u00bb text_align=\u00a0\u00bbleft\u00a0\u00bb][vc_column width=\u00a0\u00bb1\/3&Prime;][vc_single_image image=\u00a0\u00bb1901&Prime; border_color=\u00a0\u00bbgrey\u00a0\u00bb img_link_target=\u00a0\u00bb_self\u00a0\u00bb img_size=\u00a0\u00bbfull\u00a0\u00bb][vc_separator type=\u00a0\u00bbtransparent\u00a0\u00bb position=\u00a0\u00bbcenter\u00a0\u00bb up=\u00a0\u00bb-10&Prime;][vc_column_text]<\/p>\n<p><span style=\"color: #333;\">Une \u00e9quipe de professionnels hautement sp\u00e9cialis\u00e9e dans la conception de projets et la construction d\u2019infrastructures pour la production d\u2019\u00e9lectricit\u00e9.<\/span><\/p>\n<p>[\/vc_column_text][\/vc_column][vc_column width=\u00a0\u00bb1\/3&Prime;][vc_single_image image=\u00a0\u00bb1899&Prime; border_color=\u00a0\u00bbgrey\u00a0\u00bb img_link_target=\u00a0\u00bb_self\u00a0\u00bb img_size=\u00a0\u00bbfull\u00a0\u00bb][vc_separator type=\u00a0\u00bbtransparent\u00a0\u00bb position=\u00a0\u00bbcenter\u00a0\u00bb up=\u00a0\u00bb-10&Prime;][vc_column_text]<span style=\"color: #333;\">Nous sommes une entreprise leader dans le secteur de l\u2019\u00e9nergie. Preuve en est le nombre croissant de projets que nous g\u00e9rons et de sites que nous exploitons et entretenons, pour un portefeuille vari\u00e9 de clients satisfaits dans le monde entier.<br \/>\n<\/span>[\/vc_column_text][\/vc_column][vc_column width=\u00a0\u00bb1\/3&Prime;][vc_single_image image=\u00a0\u00bb1898&Prime; border_color=\u00a0\u00bbgrey\u00a0\u00bb img_link_target=\u00a0\u00bb_self\u00a0\u00bb img_size=\u00a0\u00bbfull\u00a0\u00bb][vc_separator type=\u00a0\u00bbtransparent\u00a0\u00bb position=\u00a0\u00bbcenter\u00a0\u00bb up=\u00a0\u00bb-10&Prime;][vc_column_text]<\/p>\n<p><span style=\"color: #333;\">En partant de la conception de syst\u00e8mes \u00e9lectriques, puis en assurant des installations compl\u00e8tes \u00abclef en main\u00bb, jusqu\u2019\u00e0 parvenir \u00e0 l\u2019exploitation et \u00e0 la maintenance de centrales \u00e9lectriques, nous avons r\u00e9ussi \u00e0 mettre sur pied plus de 60 centrales depuis notre premier projet en 1988.<\/span><\/p>\n<p>[\/vc_column_text][\/vc_column][\/vc_row][vc_row][vc_column width=\u00a0\u00bb1\/1&Prime;][vc_separator type=\u00a0\u00bbtransparent\u00a0\u00bb position=\u00a0\u00bbcenter\u00a0\u00bb thickness=\u00a0\u00bb20&Prime;][\/vc_column][\/vc_row][vc_row row_type=\u00a0\u00bbrow\u00a0\u00bb type=\u00a0\u00bbgrid\u00a0\u00bb text_align=\u00a0\u00bbleft\u00a0\u00bb][vc_column width=\u00a0\u00bb1\/3&Prime;][vc_single_image image=\u00a0\u00bb1900&Prime; border_color=\u00a0\u00bbgrey\u00a0\u00bb img_link_target=\u00a0\u00bb_self\u00a0\u00bb img_size=\u00a0\u00bbfull\u00a0\u00bb][vc_separator type=\u00a0\u00bbtransparent\u00a0\u00bb position=\u00a0\u00bbcenter\u00a0\u00bb up=\u00a0\u00bb-10&Prime;][vc_column_text]<span style=\"color: #333;\">Avec notre si\u00e8ge social et notre direction strat\u00e9gique situ\u00e9s \u00e0 Plantation (Floride USA), op\u00e9rations et logistique \u00e0 Panama City (Panama), et bureaux r\u00e9gionaux \u00e0 Lobito (Angola), Anaco (Venezuela), Barquisimeto (Venezuela) et Santo Domingo (R\u00e9publique Dominicaine) ), nous servons de nombreux clients dans le monde entier et veillons \u00e0 ce que notre direction et notre personnel aient facilement acc\u00e8s aux march\u00e9s sur lesquels nous menons nos activit\u00e9s.<br \/>\n<\/span>[\/vc_column_text][\/vc_column][vc_column width=\u00a0\u00bb1\/3&Prime;][vc_single_image image=\u00a0\u00bb1897&Prime; border_color=\u00a0\u00bbgrey\u00a0\u00bb img_link_target=\u00a0\u00bb_self\u00a0\u00bb img_size=\u00a0\u00bbfull\u00a0\u00bb][vc_separator type=\u00a0\u00bbtransparent\u00a0\u00bb position=\u00a0\u00bbcenter\u00a0\u00bb up=\u00a0\u00bb-10&Prime;][vc_column_text]<span style=\"color: #333;\"><span style=\"color: #333;\"><span style=\"color: #333;\">Chez\u00a0<span style=\"color: #333;\"><span style=\"color: #333;\"><span style=\"color: #333;\"><span style=\"color: #22b53b;\">LS Energia\u00a0<\/span><\/span><\/span><\/span>nous offrons des solutions r\u00e9elles et disposons d\u2019une grande capacit\u00e9 pour r\u00e9pondre rapidement aux besoins de nos clients dans le monde entier.<\/span><\/span><br \/>\n<\/span>[\/vc_column_text][\/vc_column][vc_column width=\u00a0\u00bb1\/3&Prime;][vc_single_image image=\u00a0\u00bb901&Prime; border_color=\u00a0\u00bbgrey\u00a0\u00bb img_link_target=\u00a0\u00bb_self\u00a0\u00bb img_size=\u00a0\u00bbfull\u00a0\u00bb][vc_separator type=\u00a0\u00bbtransparent\u00a0\u00bb position=\u00a0\u00bbcenter\u00a0\u00bb up=\u00a0\u00bb-10&Prime;][vc_column_text]<\/p>\n<p><span style=\"color: #333;\"><span style=\"color: #333;\">\u00a0<\/span><\/span><\/p>\n<p>[\/vc_column_text][\/vc_column][\/vc_row][vc_row][vc_column width=\u00a0\u00bb1\/1&Prime;][vc_separator type=\u00a0\u00bbtransparent\u00a0\u00bb position=\u00a0\u00bbcenter\u00a0\u00bb][vc_separator type=\u00a0\u00bbtransparent\u00a0\u00bb position=\u00a0\u00bbcenter\u00a0\u00bb][\/vc_column][\/vc_row][vc_row row_type=\u00a0\u00bbexpandable_with_background\u00a0\u00bb type=\u00a0\u00bbgrid\u00a0\u00bb text_align=\u00a0\u00bbleft\u00a0\u00bb background_color=\u00a0\u00bb#22b53b\u00a0\u00bb color=\u00a0\u00bb#ffffff\u00a0\u00bb more_button_label=\u00a0\u00bbUNE EQUIPE LEADER DANS L\u2019ENERGIE\u00a0\u00bb button_position=\u00a0\u00bbright\u00a0\u00bb background_overlay_color=\u00a0\u00bb#6b6b6b\u00a0\u00bb background_overlay_hover_color=\u00a0\u00bb#39b54a\u00a0\u00bb css=\u00a0\u00bb.vc_custom_1431973362622{padding-bottom: 2px !important;}\u00a0\u00bb][vc_column width=\u00a0\u00bb1\/1&Prime;][vc_row_inner row_type=\u00a0\u00bbrow\u00a0\u00bb type=\u00a0\u00bbgrid\u00a0\u00bb text_align=\u00a0\u00bbleft\u00a0\u00bb][vc_column_inner width=\u00a0\u00bb1\/1&Prime;][vc_column_text]<span style=\"color: #ffffff;\">Forte de plus de 25 ans d\u2019exp\u00e9rience dans l\u2019industrie \u00e9nerg\u00e9tique, LS Energia est une entreprise leader dans la conception, la construction et l\u2019acquisition de machines de production d\u2019\u00e9lectricit\u00e9 pour les entreprises publiques et les soci\u00e9t\u00e9s priv\u00e9es fournissant des services publics, ainsi qu\u2019en mati\u00e8re de vente d\u2019\u00e9nergie \u00e9lectrique \u00e0 des r\u00e9seaux interconnect\u00e9s et au secteur priv\u00e9 en g\u00e9n\u00e9ral. L\u2019activit\u00e9 de notre entreprise se d\u00e9cline en trois facettes:<br \/>\n<\/span><\/p>\n<p>&nbsp;<\/p>\n<p style=\"padding-left: 30px;\"><span style=\"color: #ffffff;\">\u00b7\u00a0 EPC: Ing\u00e9nierie, approvisionnement et construction de nouvelles centrales \u00e9lectriques.<br \/>\n<\/span><\/p>\n<p style=\"padding-left: 30px;\"><span style=\"color: #ffffff;\">\u00b7\u00a0 O &amp; M: Exploitation et maintenance de centrales \u00e9lectriques appartenant \u00e0 des tiers.<br \/>\n<\/span><\/p>\n<p style=\"padding-left: 30px;\"><span style=\"color: #000000;\"><span style=\"color: #ffffff;\">\u00b7\u00a0 IPP: Producteurs ind\u00e9pendants, exploitant et assurant la maintenance de nos centrales \u00e9lectriques.<\/span><br \/>\n<\/span><\/p>\n<p>[\/vc_column_text][\/vc_column_inner][\/vc_row_inner][\/vc_column][\/vc_row][vc_row row_type=\u00a0\u00bbexpandable_with_background\u00a0\u00bb type=\u00a0\u00bbgrid\u00a0\u00bb text_align=\u00a0\u00bbleft\u00a0\u00bb background_color=\u00a0\u00bb#22b53b\u00a0\u00bb background_overlay_color=\u00a0\u00bb#6b6b6b\u00a0\u00bb more_button_label=\u00a0\u00bbUNE EXPERIENCE GLOBALE, UNE PRESENCE LOCALE\u00a0\u00bb background_overlay_hover_color=\u00a0\u00bb#39b54a\u00a0\u00bb][vc_column width=\u00a0\u00bb1\/1&Prime;][vc_row_inner row_type=\u00a0\u00bbrow\u00a0\u00bb type=\u00a0\u00bbgrid\u00a0\u00bb text_align=\u00a0\u00bbleft\u00a0\u00bb][vc_column_inner width=\u00a0\u00bb1\/1&Prime;][vc_column_text]<span style=\"color: #ffffff;\">Nous sommes une entreprise leader dans le secteur de l\u2019\u00e9nergie. Preuve en est le nombre croissant de projets que nous g\u00e9rons et de sites que nous exploitons et entretenons, pour un portefeuille vari\u00e9 de clients satisfaits dans le monde entier.<\/span><\/p>\n<p><span style=\"color: #ffffff;\">\u00a0<\/span><\/p>\n<p><span style=\"color: #ffffff;\">En partant de la conception de syst\u00e8mes \u00e9lectriques, puis en assurant des installations compl\u00e8tes \u00abclef en main\u00bb, jusqu\u2019\u00e0 parvenir \u00e0 l\u2019exploitation et \u00e0 la maintenance de centrales \u00e9lectriques, nous avons r\u00e9ussi \u00e0 mettre sur pied plus de 60 centrales depuis notre premier projet en 1988.<\/span><\/p>\n<p><span style=\"color: #ffffff;\">\u00a0<\/span><\/p>\n<p><span style=\"color: #ffffff;\">Chez<strong> LS Energia <\/strong>nous offrons des solutions<br \/>\nr\u00e9elles et disposons d\u2019une grande capacit\u00e9 pour r\u00e9pondre rapidement aux besoins de nos clients dans le monde entier.<br \/>\n<\/span><\/p>\n<p><span style=\"color: #ffffff;\"><em><span style=\"font-size: 13px;\">\u00a0<\/span><\/em><\/span>[\/vc_column_text][\/vc_column_inner][\/vc_row_inner][\/vc_column][\/vc_row][vc_row row_type=\u00a0\u00bbexpandable_with_background\u00a0\u00bb type=\u00a0\u00bbgrid\u00a0\u00bb text_align=\u00a0\u00bbleft\u00a0\u00bb background_color=\u00a0\u00bb#22b53b\u00a0\u00bb background_overlay_color=\u00a0\u00bb#6b6b6b\u00a0\u00bb more_button_label=\u00a0\u00bbPR\u00caTS \u00c0 TRAVAILLER DANS LE MONDE ENTIER\u00a0\u00bb background_overlay_hover_color=\u00a0\u00bb#39b54a\u00a0\u00bb][vc_column width=\u00a0\u00bb1\/1&Prime;][vc_row_inner row_type=\u00a0\u00bbrow\u00a0\u00bb type=\u00a0\u00bbgrid\u00a0\u00bb text_align=\u00a0\u00bbleft\u00a0\u00bb][vc_column_inner width=\u00a0\u00bb1\/1&Prime;][vc_column_text]<span style=\"color: #ffffff;\"><strong>Mission<\/strong><\/span><br \/>\n<span style=\"color: #ffffff;\"> Nous sommes une entreprise mondialement consacr\u00e9e \u00e0 la promotion, au d\u00e9veloppement, \u00e0 l\u2019ex\u00e9cution et \u00e0 l\u2019exploitation rentable de projets dans le secteur \u00e9nerg\u00e9tique. Notre activit\u00e9 repose sur les connaissances de notre \u00e9quipe et nous agissons avec responsabilit\u00e9 vis-\u00e0-vis de nos clients, de nos collaborateurs et des collectivit\u00e9s dans lesquelles nous travaillons, en cr\u00e9ant des solutions int\u00e9grales et novatrices selon des standards mondiaux de qualit\u00e9 et de s\u00e9curit\u00e9. <\/span><\/p>\n<p><span style=\"color: #ffffff;\">\u00a0<\/span><\/p>\n<p><span style=\"color: #ffffff;\"> <strong>Vision<\/strong><\/span><br \/>\n<span style=\"color: #ffffff;\"> <strong>LS Energia<\/strong> se veut une r\u00e9f\u00e9rence dans le secteur de l\u2019\u00e9nergie, reconnue pour son excellence et son int\u00e9grit\u00e9 dans l\u2019ex\u00e9cution de projets et pour sa contribution au bien-\u00eatre des collectivit\u00e9s dans lesquelles elle intervient.<br \/>\n<\/span><\/p>\n<p><span style=\"color: #ffffff;\">\u00a0<\/span><\/p>\n<p><span style=\"color: #ffffff;\"> <strong>Qualit\u00e9<\/strong><\/span><br \/>\n<span style=\"color: #ffffff;\"> Toutes les machines et tous les services fournis par <strong>LS Energia <\/strong>Energia sont de tr\u00e8s grande qualit\u00e9 et sont ondialement reconnus. Nos machines sont continuellement soumises \u00e0 des tests de fonctionnement et de rendement tr\u00e8s exigeants, afi n de respecter voire de surpasser les standards de l\u2019industrie.<\/span><\/p>\n<p><span style=\"color: #ffffff;\">\u00a0<\/span><\/p>\n<p><span style=\"color: #ffffff;\"> <strong>Valeurs<\/strong><\/span><\/p>\n<p style=\"padding-left: 30px;\"><span style=\"color: #ffffff;\">\u00b7\u00a0 Int\u00e9grit\u00e9<\/span><br \/>\n<span style=\"color: #ffffff;\"> \u00b7\u00a0 Initiative et leadership<\/span><br \/>\n<span style=\"color: #ffffff;\"> \u00b7\u00a0 Engagement et responsabilit\u00e9<\/span><br \/>\n<span style=\"color: #ffffff;\"> \u00b7\u00a0 Travail en \u00e9quipe<\/span><br \/>\n<span style=\"color: #ffffff;\"> \u00b7\u00a0 Service client<\/span><br \/>\n<span style=\"color: #ffffff;\"> \u00b7\u00a0 Produits de grande qualit\u00e9<\/span><br \/>\n<span style=\"color: #ffffff;\"> \u00b7\u00a0 Qualit\u00e9 de la gestion<\/span><\/p>\n<p>[\/vc_column_text][\/vc_column_inner][\/vc_row_inner][\/vc_column][\/vc_row][vc_row row_type=\u00a0\u00bbrow\u00a0\u00bb type=\u00a0\u00bbfull_width\u00a0\u00bb text_align=\u00a0\u00bbleft\u00a0\u00bb background_color=\u00a0\u00bb#eef0eb\u00a0\u00bb][vc_column width=\u00a0\u00bb1\/1&Prime;][vc_separator type=\u00a0\u00bbtransparent\u00a0\u00bb position=\u00a0\u00bbcenter\u00a0\u00bb][vc_separator type=\u00a0\u00bbtransparent\u00a0\u00bb position=\u00a0\u00bbcenter\u00a0\u00bb][vc_separator type=\u00a0\u00bbtransparent\u00a0\u00bb position=\u00a0\u00bbcenter\u00a0\u00bb][vc_separator type=\u00a0\u00bbtransparent\u00a0\u00bb position=\u00a0\u00bbcenter\u00a0\u00bb thickness=\u00a0\u00bb31&Prime;][\/vc_column][\/vc_row][vc_row row_type=\u00a0\u00bbrow\u00a0\u00bb type=\u00a0\u00bbgrid\u00a0\u00bb text_align=\u00a0\u00bbleft\u00a0\u00bb background_color=\u00a0\u00bb#eef0eb\u00a0\u00bb][vc_column width=\u00a0\u00bb1\/1&Prime;][vc_column_text]<\/p>\n<p style=\"text-align: center; font-size: 18px; font-family: Georgia, serif;\"><span style=\"color: #333;\"><em>Nos machines sont continuellement soumises \u00e0 des tests de fonctionnement et de rendement tr\u00e8s exigeants, afin de respecter voire de surpasser les standards de l\u2019industrie.<\/em><\/span><\/p>\n<p>[\/vc_column_text][vc_separator type=\u00a0\u00bbtransparent\u00a0\u00bb position=\u00a0\u00bbcenter\u00a0\u00bb][vc_separator type=\u00a0\u00bbtransparent\u00a0\u00bb position=\u00a0\u00bbcenter\u00a0\u00bb thickness=\u00a0\u00bb5&Prime;][\/vc_column][\/vc_row][vc_row row_type=\u00a0\u00bbrow\u00a0\u00bb type=\u00a0\u00bbfull_width\u00a0\u00bb text_align=\u00a0\u00bbleft\u00a0\u00bb background_color=\u00a0\u00bb#eef0eb\u00a0\u00bb][vc_column width=\u00a0\u00bb1\/1&Prime;][vc_separator type=\u00a0\u00bbtransparent\u00a0\u00bb position=\u00a0\u00bbcenter\u00a0\u00bb][vc_separator type=\u00a0\u00bbtransparent\u00a0\u00bb position=\u00a0\u00bbcenter\u00a0\u00bb][vc_separator type=\u00a0\u00bbtransparent\u00a0\u00bb position=\u00a0\u00bbcenter\u00a0\u00bb][\/vc_column][\/vc_row]<\/p>\n<\/div>","protected":false},"excerpt":{"rendered":"<p>[vc_row row_type=\u00a0\u00bbrow\u00a0\u00bb type=\u00a0\u00bbgrid\u00a0\u00bb text_align=\u00a0\u00bbleft\u00a0\u00bb][vc_column width=\u00a0\u00bb1\/1&Prime;][vc_row_inner][vc_column_inner width=\u00a0\u00bb1\/1&Prime;][vc_separator type=\u00a0\u00bbtransparent\u00a0\u00bb position=\u00a0\u00bbcenter\u00a0\u00bb][vc_column_text] QUI NOUS SOMMES [\/vc_column_text][vc_separator type=\u00a0\u00bbtransparent\u00a0\u00bb position=\u00a0\u00bbcenter\u00a0\u00bb][vc_separator type=\u00a0\u00bbtransparent\u00a0\u00bb position=\u00a0\u00bbcenter\u00a0\u00bb][\/vc_column_inner][\/vc_row_inner][\/vc_column][\/vc_row][vc_row row_type=\u00a0\u00bbrow\u00a0\u00bb type=\u00a0\u00bbgrid\u00a0\u00bb text_align=\u00a0\u00bbleft\u00a0\u00bb][vc_column width=\u00a0\u00bb1\/3&Prime;][vc_single_image image=\u00a0\u00bb1901&Prime; border_color=\u00a0\u00bbgrey\u00a0\u00bb img_link_target=\u00a0\u00bb_self\u00a0\u00bb img_size=\u00a0\u00bbfull\u00a0\u00bb][vc_separator type=\u00a0\u00bbtransparent\u00a0\u00bb position=\u00a0\u00bbcenter\u00a0\u00bb up=\u00a0\u00bb-10&Prime;][vc_column_text] Une \u00e9quipe de professionnels hautement sp\u00e9cialis\u00e9e dans la conception de projets et la construction d\u2019infrastructures pour la production&#8230;<\/p>\n","protected":false},"author":1,"featured_media":0,"parent":0,"menu_order":0,"comment_status":"open","ping_status":"open","template":"full_width.php","meta":{"footnotes":""},"class_list":["post-1902","page","type-page","status-publish","hentry"],"_links":{"self":[{"href":"https:\/\/www.lsenergia.com\/fr\/wp-json\/wp\/v2\/pages\/1902","targetHints":{"allow":["GET"]}}],"collection":[{"href":"https:\/\/www.lsenergia.com\/fr\/wp-json\/wp\/v2\/pages"}],"about":[{"href":"https:\/\/www.lsenergia.com\/fr\/wp-json\/wp\/v2\/types\/page"}],"author":[{"embeddable":true,"href":"https:\/\/www.lsenergia.com\/fr\/wp-json\/wp\/v2\/users\/1"}],"replies":[{"embeddable":true,"href":"https:\/\/www.lsenergia.com\/fr\/wp-json\/wp\/v2\/comments?post=1902"}],"version-history":[{"count":5,"href":"https:\/\/www.lsenergia.com\/fr\/wp-json\/wp\/v2\/pages\/1902\/revisions"}],"predecessor-version":[{"id":2072,"href":"https:\/\/www.lsenergia.com\/fr\/wp-json\/wp\/v2\/pages\/1902\/revisions\/2072"}],"wp:attachment":[{"href":"https:\/\/www.lsenergia.com\/fr\/wp-json\/wp\/v2\/media?parent=1902"}],"curies":[{"name":"wp","href":"https:\/\/api.w.org\/{rel}","templated":true}]}}