{"id":1893,"date":"2015-05-18T17:56:21","date_gmt":"2015-05-18T17:56:21","guid":{"rendered":"http:\/\/www.lsenergia.com\/?page_id=1893"},"modified":"2015-06-04T16:22:43","modified_gmt":"2015-06-04T16:22:43","slug":"home","status":"publish","type":"page","link":"https:\/\/www.lsenergia.com\/fr\/","title":{"rendered":"Home"},"content":{"rendered":"<div class=\"wpb-content-wrapper\"><p>[vc_row row_type=\u00a0\u00bbrow\u00a0\u00bb type=\u00a0\u00bbgrid\u00a0\u00bb text_align=\u00a0\u00bbleft\u00a0\u00bb][vc_column width=\u00a0\u00bb1\/1&Prime;][vc_separator type=\u00a0\u00bbtransparent\u00a0\u00bb position=\u00a0\u00bbcenter\u00a0\u00bb][vc_separator type=\u00a0\u00bbtransparent\u00a0\u00bb position=\u00a0\u00bbcenter\u00a0\u00bb][vc_column_text]Les besoins \u00e9nerg\u00e9tiques du monde actuel requi\u00e8rent des solutions imm\u00e9diates, r\u00e9elles et effi caces. <span style=\"color: #22b53b;\">LS Energia<\/span>\u00a0fournit \u00e0 ses clients les moyens n\u00e9cessaires pour produire l\u2019\u00e9nergie \u00e9lectrique dont ont besoin les individus, l\u2019industrie et les services qui fa\u00e7onnent nos soci\u00e9t\u00e9s. Cet engagement, ce d\u00e9vouement au travail et des standards \u00e9lev\u00e9s de qualit\u00e9 ont fait de <span style=\"color: #22b53b;\">LS Energia\u00a0<\/span>une entreprise leader avec une trajectoire mondialement reconnue, pouvant satisfaire n\u2019importe quel besoin, ind\u00e9pendamment de l\u2019envergure, de l\u2019emplacement ou de la complexit\u00e9 du projet<\/p>\n<p>&nbsp;<\/p>\n<p><strong>Des solutions r\u00e9elles depuis 1988.<\/strong>[\/vc_column_text][vc_separator type=\u00a0\u00bbtransparent\u00a0\u00bb position=\u00a0\u00bbcenter\u00a0\u00bb][vc_separator type=\u00a0\u00bbtransparent\u00a0\u00bb position=\u00a0\u00bbcenter\u00a0\u00bb][vc_separator type=\u00a0\u00bbtransparent\u00a0\u00bb position=\u00a0\u00bbcenter\u00a0\u00bb][\/vc_column][\/vc_row][vc_row row_type=\u00a0\u00bbrow\u00a0\u00bb type=\u00a0\u00bbfull_width\u00a0\u00bb text_align=\u00a0\u00bbleft\u00a0\u00bb background_color=\u00a0\u00bb#eef0eb\u00a0\u00bb][vc_column width=\u00a0\u00bb1\/1&Prime;]<div class='qode_carousels_holder clearfix'><div class='qode_carousels gray'><ul class='slides'><li class='item'><a href='contactez-nous\/' target='_self'><span class='first_image_holder '><img src='http:\/\/www.lsenergia.com\/wp-content\/uploads\/2015\/03\/ls-energia-home-banner-contacto.jpg' alt='home &#8211; 01-fr'><\/span><\/a><\/li><li class='item'><a href='nouvelles\/' target='_self'><span class='first_image_holder '><img src='http:\/\/www.lsenergia.com\/wp-content\/uploads\/2015\/05\/ban-carrusel-noticias-fr.jpg' alt='home &#8211; 02-fr'><\/span><\/a><\/li><li class='item'><a href='services\/' target='_self'><span class='first_image_holder '><img src='http:\/\/www.lsenergia.com\/wp-content\/uploads\/2015\/05\/ban-carrusel-servicios-en1.jpg' alt='home &#8211; 03-fr'><\/span><\/a><\/li><li class='item'><a href='laboratoire-ls\/' target='_self'><span class='first_image_holder '><img src='http:\/\/www.lsenergia.com\/wp-content\/uploads\/2015\/05\/ban-carrusel-laboratorio-fr.jpg' alt='home &#8211; 04-fr'><\/span><\/a><\/li><\/ul><div class='qode_carousel_navigation'><a id='qode_carousel_prev' href='#' target='_self'><\/a><a id='qode_carousel_next' href='#' target='_self'><\/a><\/div><\/div><\/div>[vc_separator type=\u00a0\u00bbtransparent\u00a0\u00bb position=\u00a0\u00bbcenter\u00a0\u00bb][vc_separator type=\u00a0\u00bbtransparent\u00a0\u00bb position=\u00a0\u00bbcenter\u00a0\u00bb][vc_separator type=\u00a0\u00bbtransparent\u00a0\u00bb position=\u00a0\u00bbcenter\u00a0\u00bb][vc_separator type=\u00a0\u00bbtransparent\u00a0\u00bb position=\u00a0\u00bbcenter\u00a0\u00bb][vc_separator type=\u00a0\u00bbtransparent\u00a0\u00bb position=\u00a0\u00bbcenter\u00a0\u00bb][\/vc_column][\/vc_row]<\/p>\n<\/div>","protected":false},"excerpt":{"rendered":"<p>[vc_row row_type=\u00a0\u00bbrow\u00a0\u00bb type=\u00a0\u00bbgrid\u00a0\u00bb text_align=\u00a0\u00bbleft\u00a0\u00bb][vc_column width=\u00a0\u00bb1\/1&Prime;][vc_separator type=\u00a0\u00bbtransparent\u00a0\u00bb position=\u00a0\u00bbcenter\u00a0\u00bb][vc_separator type=\u00a0\u00bbtransparent\u00a0\u00bb position=\u00a0\u00bbcenter\u00a0\u00bb][vc_column_text]Les besoins \u00e9nerg\u00e9tiques du monde actuel requi\u00e8rent des solutions imm\u00e9diates, r\u00e9elles et effi caces. LS Energia\u00a0fournit \u00e0 ses clients les moyens n\u00e9cessaires pour produire l\u2019\u00e9nergie \u00e9lectrique dont ont besoin les individus, l\u2019industrie et les services qui fa\u00e7onnent&#8230;<\/p>\n","protected":false},"author":1,"featured_media":0,"parent":0,"menu_order":0,"comment_status":"open","ping_status":"open","template":"full_width.php","meta":{"footnotes":""},"class_list":["post-1893","page","type-page","status-publish","hentry"],"_links":{"self":[{"href":"https:\/\/www.lsenergia.com\/fr\/wp-json\/wp\/v2\/pages\/1893","targetHints":{"allow":["GET"]}}],"collection":[{"href":"https:\/\/www.lsenergia.com\/fr\/wp-json\/wp\/v2\/pages"}],"about":[{"href":"https:\/\/www.lsenergia.com\/fr\/wp-json\/wp\/v2\/types\/page"}],"author":[{"embeddable":true,"href":"https:\/\/www.lsenergia.com\/fr\/wp-json\/wp\/v2\/users\/1"}],"replies":[{"embeddable":true,"href":"https:\/\/www.lsenergia.com\/fr\/wp-json\/wp\/v2\/comments?post=1893"}],"version-history":[{"count":3,"href":"https:\/\/www.lsenergia.com\/fr\/wp-json\/wp\/v2\/pages\/1893\/revisions"}],"predecessor-version":[{"id":1996,"href":"https:\/\/www.lsenergia.com\/fr\/wp-json\/wp\/v2\/pages\/1893\/revisions\/1996"}],"wp:attachment":[{"href":"https:\/\/www.lsenergia.com\/fr\/wp-json\/wp\/v2\/media?parent=1893"}],"curies":[{"name":"wp","href":"https:\/\/api.w.org\/{rel}","templated":true}]}}